{"id":39,"date":"2020-03-01T10:48:59","date_gmt":"2020-03-01T09:48:59","guid":{"rendered":"https:\/\/elexi.fr\/?page_id=39"},"modified":"2025-01-15T16:02:30","modified_gmt":"2025-01-15T15:02:30","slug":"accueil","status":"publish","type":"page","link":"https:\/\/elexi.fr\/pt\/","title":{"rendered":"Accueil"},"content":{"rendered":"<img src=\"https:\/\/elexi.fr\/wp-content\/uploads\/2020\/02\/Chaine-Blanche.png\" alt=\"Chaine_verticale_blanche\" title=\"Chaine_verticale_blanche\" itemprop=\"image\">\n\t\t\t\t<img src=\"https:\/\/elexi.fr\/wp-content\/uploads\/2020\/03\/Arbre-2-e1583311710959.png\" alt=\"Arbre\" title=\"Arbre\" itemprop=\"image\">\n\t\t<h1>Agences d&rsquo;\u00e9co-mobilit\u00e9<\/h1>\n\t\t\t<p>A melhor escolha para o planeta!<\/p>\n<p>Agences \u00e0 <a href=\"https:\/\/elexi.fr\/pt\/vtc-taxi-bordeaux-electrique\/\"><strong>Bordeaux<\/strong><\/a>, <strong>Paris<\/strong>, <strong>Lille<\/strong>, <strong>Nantes<\/strong>, <strong>Marseille<\/strong>, <strong>Lyon<\/strong>, <strong>Reims<\/strong>,  <strong>Strasbourg<\/strong>&nbsp;et&nbsp;<strong>Toulouse.<\/strong><\/p>\n\t\t\t\t<img src=\"https:\/\/elexi.fr\/wp-content\/uploads\/2020\/03\/Arbre-1-e1583070222765.png\" alt=\"Arbre\" title=\"Arbre\" itemprop=\"image\">\n\t\t\t\t<a href=\"https:\/\/booking.elexi.fr\/\" target=\"_self\" itemprop=\"url\" rel=\"noopener\">\n\t\t\t\t<img loading=\"lazy\" src=\"https:\/\/elexi.fr\/wp-content\/uploads\/2020\/03\/Kia-1.png\" alt=\"r\u00e9servation taxi \u00e9lectrique\" itemprop=\"image\" height=\"1200\" width=\"1600\" title=\"Kia\" onerror=\"this.style.display='none'\">\n\t\t\t\t<\/a>\n\t<h1>\n\t\t\t\tPor que voc\u00ea deveria confiar em n\u00f3s? \n\t\t\t<\/h1>\n\t\t<p>Moderne et sans \u00e9mission de CO2 directe, la mobilit\u00e9 de demain se dessine aujourd&rsquo;hui.<\/p>\t\n\t\t<h3>\u00c0 360\u00b0<\/h3>\n\t\t\t<p>Vous avez deux probl\u00e9matiques lorsque vous vous d\u00e9placez ? Chercher un transport efficace et agr\u00e9able d\u2019une part, et trouver une solution responsable et moderne d\u2019autre part.<\/p>\n\t\t<h3>\u00c9co-responsable<\/h3>\n\t\t\t<p>Nous roulons 100% en \u00e9lectrique et militons en faveur d\u2019une nouvelle vision de la route et de la mobilit\u00e9 urbaine, sans \u00e9missions de CO2, sans particules fines, sans bruit, sans stress.<\/p>\n\t\t<h3>Excellence<\/h3>\n\t\t\t<p>Un service \u00e9co-responsable, c&rsquo;est bien&#8230; Mais avec un service client disponible et r\u00e9actif&#8230; c&rsquo;est mieux ! La qualit\u00e9 de nos prestations est au c\u0153ur de notre philosophie.<\/p>\n\t\t<h3>Et vous ?<\/h3>\n\t\t\t<p>2023 est une ann\u00e9e \u00e0 enjeu et une ann\u00e9e d\u2019\u00e9volution majeure dans la transition \u00e9nerg\u00e9tique. Elexi apporte sa pierre \u00e0 l\u2019\u00e9difice et propose \u00e0 ses clients et futurs clients un moyen non polluant, silencieux et s\u00fbr.<\/p>\n\t<h1>\n\t\t\t\tOu (grande) mais\n\t\t\t<\/h1>\n\t\t<p>Garanti sans trucage ! On vous attend pour la grande transformation.<\/p>\t\n\t<p>0 g<\/p>\n\t<p><strong>d&rsquo;\u00e9mission de CO2<\/strong><\/p>\n\t<p>0 dB<\/p>\n\t<p><strong>de bruit d\u00e9sagr\u00e9able<\/strong><\/p>\n\t<p>0 g<\/p>\n\t<p><strong>de particules fines<\/strong><\/p>\n\t\t<h2>0%<\/h2>\n\t<p><strong>\u00e0 votre service<\/strong><\/p>\n\t\t<h2>0%<\/h2>\n\t<p><strong>souriant<\/strong><\/p>\n\t\t<h2>0%<\/h2>\n\t<p><strong>fiable<\/strong><\/p>\n\t<h1>\n\t\t\t\tOs nossos autom\u00f3veis totalmente el\u00e9ctricos\n\t\t\t<\/h1>\n\t\t<p>Nous n&rsquo;attendons pas pour faire bouger les choses ! Nous agissons aujourd&rsquo;hui.<\/p>","protected":false},"excerpt":{"rendered":"<p>Agences d&rsquo;\u00e9co-mobilit\u00e9 Le meilleur choix pour la plan\u00e8te ! Agences \u00e0 Bordeaux, Paris, Lille, Nantes, Marseille, Lyon, Reims, Strasbourg&nbsp;et&nbsp;Toulouse. Pourquoi nous faire confiance ? Moderne et sans \u00e9mission de CO2 directe, la mobilit\u00e9 de demain se dessine aujourd&rsquo;hui. \u00c0 360\u00b0 Vous avez deux probl\u00e9matiques lorsque vous vous d\u00e9placez ? Chercher un transport efficace et agr\u00e9able &hellip;<\/p>\n<p class=\"read-more\"> <a class=\"\" href=\"https:\/\/elexi.fr\/pt\/\"> <span class=\"screen-reader-text\">Accueil<\/span> Leia mais &raquo;<\/a><\/p>","protected":false},"author":1,"featured_media":101,"parent":0,"menu_order":0,"comment_status":"closed","ping_status":"closed","template":"","meta":{"_monsterinsights_skip_tracking":false,"_monsterinsights_sitenote_active":false,"_monsterinsights_sitenote_note":"","_monsterinsights_sitenote_category":0},"yoast_head":"<!-- This site is optimized with the Yoast SEO plugin v17.8 - https:\/\/yoast.com\/wordpress\/plugins\/seo\/ -->\n<title>Elexi - Agences d&#039;\u00e9co-mobilit\u00e9 - Paris, Bordeaux, Marseille, Lyon, Nantes...<\/title>\n<meta name=\"description\" content=\"Elexi vous conduit partout en France pour transferts en gare et \u00e0 l&#039;a\u00e9roport en v\u00e9hicule 100 % \u00e9lectrique et\/ou en Tesla. Tout type de prestations.\" \/>\n<meta name=\"robots\" content=\"index, follow, max-snippet:-1, max-image-preview:large, max-video-preview:-1\" \/>\n<link rel=\"canonical\" href=\"https:\/\/elexi.fr\/\" \/>\n<meta property=\"og:locale\" content=\"pt_BR\" \/>\n<meta property=\"og:type\" content=\"article\" \/>\n<meta property=\"og:title\" content=\"Elexi - Agences d&#039;\u00e9co-mobilit\u00e9 - Paris, Bordeaux, Marseille, Lyon, Nantes...\" \/>\n<meta property=\"og:description\" content=\"Elexi vous conduit partout en France pour transferts en gare et \u00e0 l&#039;a\u00e9roport en v\u00e9hicule 100 % \u00e9lectrique et\/ou en Tesla. Tout type de prestations.\" \/>\n<meta property=\"og:url\" content=\"https:\/\/elexi.fr\/\" \/>\n<meta property=\"og:site_name\" content=\"Elexi\" \/>\n<meta property=\"article:publisher\" content=\"https:\/\/www.facebook.com\/elexi.bdx\/\" \/>\n<meta property=\"article:modified_time\" content=\"2025-01-15T15:02:30+00:00\" \/>\n<meta property=\"og:image\" content=\"https:\/\/elexi.fr\/wp-content\/uploads\/2020\/03\/Capture-d\u2019\u00e9cran-2020-02-25-\u00e0-14.22.01.png\" \/>\n\t<meta property=\"og:image:width\" content=\"1466\" \/>\n\t<meta property=\"og:image:height\" content=\"1120\" \/>\n<meta name=\"twitter:label1\" content=\"Est. tempo de leitura\" \/>\n\t<meta name=\"twitter:data1\" content=\"2 minutos\" \/>\n<script type=\"application\/ld+json\" class=\"yoast-schema-graph\">{\"@context\":\"https:\/\/schema.org\",\"@graph\":[{\"@type\":\"Organization\",\"@id\":\"https:\/\/elexi.fr\/#organization\",\"name\":\"Elexi\",\"url\":\"https:\/\/elexi.fr\/\",\"sameAs\":[\"https:\/\/www.facebook.com\/elexi.bdx\/\",\"https:\/\/instagram.com\/elexi.travel.event\",\"https:\/\/www.linkedin.com\/company\/11209084\/\"],\"logo\":{\"@type\":\"ImageObject\",\"@id\":\"https:\/\/elexi.fr\/#logo\",\"inLanguage\":\"pt-BR\",\"url\":\"https:\/\/elexi.fr\/wp-content\/uploads\/2020\/02\/Elexi-blanc.png\",\"contentUrl\":\"https:\/\/elexi.fr\/wp-content\/uploads\/2020\/02\/Elexi-blanc.png\",\"width\":4213,\"height\":1538,\"caption\":\"Elexi\"},\"image\":{\"@id\":\"https:\/\/elexi.fr\/#logo\"}},{\"@type\":\"WebSite\",\"@id\":\"https:\/\/elexi.fr\/#website\",\"url\":\"https:\/\/elexi.fr\/\",\"name\":\"Elexi\",\"description\":\"Agences d&#039;\\u00e9co-mobilit\\u00e9\",\"publisher\":{\"@id\":\"https:\/\/elexi.fr\/#organization\"},\"potentialAction\":[{\"@type\":\"SearchAction\",\"target\":{\"@type\":\"EntryPoint\",\"urlTemplate\":\"https:\/\/elexi.fr\/?s={search_term_string}\"},\"query-input\":\"required name=search_term_string\"}],\"inLanguage\":\"pt-BR\"},{\"@type\":\"ImageObject\",\"@id\":\"https:\/\/elexi.fr\/#primaryimage\",\"inLanguage\":\"pt-BR\",\"url\":\"https:\/\/elexi.fr\/wp-content\/uploads\/2020\/03\/Capture-d\\u2019\\u00e9cran-2020-02-25-\\u00e0-14.22.01.png\",\"contentUrl\":\"https:\/\/elexi.fr\/wp-content\/uploads\/2020\/03\/Capture-d\\u2019\\u00e9cran-2020-02-25-\\u00e0-14.22.01.png\",\"width\":1466,\"height\":1120,\"caption\":\"Logo vert de Elexi\"},{\"@type\":\"WebPage\",\"@id\":\"https:\/\/elexi.fr\/#webpage\",\"url\":\"https:\/\/elexi.fr\/\",\"name\":\"Elexi - Agences d'\\u00e9co-mobilit\\u00e9 - Paris, Bordeaux, Marseille, Lyon, Nantes...\",\"isPartOf\":{\"@id\":\"https:\/\/elexi.fr\/#website\"},\"primaryImageOfPage\":{\"@id\":\"https:\/\/elexi.fr\/#primaryimage\"},\"datePublished\":\"2020-03-01T09:48:59+00:00\",\"dateModified\":\"2025-01-15T15:02:30+00:00\",\"description\":\"Elexi vous conduit partout en France pour transferts en gare et \\u00e0 l'a\\u00e9roport en v\\u00e9hicule 100 % \\u00e9lectrique et\/ou en Tesla. Tout type de prestations.\",\"breadcrumb\":{\"@id\":\"https:\/\/elexi.fr\/#breadcrumb\"},\"inLanguage\":\"pt-BR\",\"potentialAction\":[{\"@type\":\"ReadAction\",\"target\":[\"https:\/\/elexi.fr\/\"]}]},{\"@type\":\"BreadcrumbList\",\"@id\":\"https:\/\/elexi.fr\/#breadcrumb\",\"itemListElement\":[{\"@type\":\"ListItem\",\"position\":1,\"name\":\"Accueil\",\"item\":\"https:\/\/elexi.fr\/\"},{\"@type\":\"ListItem\",\"position\":2,\"name\":\"Accueil\"}]}]}<\/script>\n<!-- \/ Yoast SEO plugin. -->","yoast_head_json":{"title":"Elexi - Agences d'\u00e9co-mobilit\u00e9 - Paris, Bordeaux, Marseille, Lyon, Nantes...","description":"Elexi vous conduit partout en France pour transferts en gare et \u00e0 l'a\u00e9roport en v\u00e9hicule 100 % \u00e9lectrique et\/ou en Tesla. Tout type de prestations.","robots":{"index":"index","follow":"follow","max-snippet":"max-snippet:-1","max-image-preview":"max-image-preview:large","max-video-preview":"max-video-preview:-1"},"canonical":"https:\/\/elexi.fr\/","og_locale":"pt_BR","og_type":"article","og_title":"Elexi - Agences d'\u00e9co-mobilit\u00e9 - Paris, Bordeaux, Marseille, Lyon, Nantes...","og_description":"Elexi vous conduit partout en France pour transferts en gare et \u00e0 l'a\u00e9roport en v\u00e9hicule 100 % \u00e9lectrique et\/ou en Tesla. Tout type de prestations.","og_url":"https:\/\/elexi.fr\/","og_site_name":"Elexi","article_publisher":"https:\/\/www.facebook.com\/elexi.bdx\/","article_modified_time":"2025-01-15T15:02:30+00:00","og_image":[{"width":1466,"height":1120,"url":"https:\/\/elexi.fr\/wp-content\/uploads\/2020\/03\/Capture-d\u2019\u00e9cran-2020-02-25-\u00e0-14.22.01.png","type":"image\/png"}],"twitter_misc":{"Est. tempo de leitura":"2 minutos"},"schema":{"@context":"https:\/\/schema.org","@graph":[{"@type":"Organization","@id":"https:\/\/elexi.fr\/#organization","name":"Elexi","url":"https:\/\/elexi.fr\/","sameAs":["https:\/\/www.facebook.com\/elexi.bdx\/","https:\/\/instagram.com\/elexi.travel.event","https:\/\/www.linkedin.com\/company\/11209084\/"],"logo":{"@type":"ImageObject","@id":"https:\/\/elexi.fr\/#logo","inLanguage":"pt-BR","url":"https:\/\/elexi.fr\/wp-content\/uploads\/2020\/02\/Elexi-blanc.png","contentUrl":"https:\/\/elexi.fr\/wp-content\/uploads\/2020\/02\/Elexi-blanc.png","width":4213,"height":1538,"caption":"Elexi"},"image":{"@id":"https:\/\/elexi.fr\/#logo"}},{"@type":"WebSite","@id":"https:\/\/elexi.fr\/#website","url":"https:\/\/elexi.fr\/","name":"Elexi","description":"Agences d&#039;\u00e9co-mobilit\u00e9","publisher":{"@id":"https:\/\/elexi.fr\/#organization"},"potentialAction":[{"@type":"SearchAction","target":{"@type":"EntryPoint","urlTemplate":"https:\/\/elexi.fr\/?s={search_term_string}"},"query-input":"required name=search_term_string"}],"inLanguage":"pt-BR"},{"@type":"ImageObject","@id":"https:\/\/elexi.fr\/#primaryimage","inLanguage":"pt-BR","url":"https:\/\/elexi.fr\/wp-content\/uploads\/2020\/03\/Capture-d\u2019\u00e9cran-2020-02-25-\u00e0-14.22.01.png","contentUrl":"https:\/\/elexi.fr\/wp-content\/uploads\/2020\/03\/Capture-d\u2019\u00e9cran-2020-02-25-\u00e0-14.22.01.png","width":1466,"height":1120,"caption":"Logo vert de Elexi"},{"@type":"WebPage","@id":"https:\/\/elexi.fr\/#webpage","url":"https:\/\/elexi.fr\/","name":"Elexi - Agences d'\u00e9co-mobilit\u00e9 - Paris, Bordeaux, Marseille, Lyon, Nantes...","isPartOf":{"@id":"https:\/\/elexi.fr\/#website"},"primaryImageOfPage":{"@id":"https:\/\/elexi.fr\/#primaryimage"},"datePublished":"2020-03-01T09:48:59+00:00","dateModified":"2025-01-15T15:02:30+00:00","description":"Elexi vous conduit partout en France pour transferts en gare et \u00e0 l'a\u00e9roport en v\u00e9hicule 100 % \u00e9lectrique et\/ou en Tesla. Tout type de prestations.","breadcrumb":{"@id":"https:\/\/elexi.fr\/#breadcrumb"},"inLanguage":"pt-BR","potentialAction":[{"@type":"ReadAction","target":["https:\/\/elexi.fr\/"]}]},{"@type":"BreadcrumbList","@id":"https:\/\/elexi.fr\/#breadcrumb","itemListElement":[{"@type":"ListItem","position":1,"name":"Accueil","item":"https:\/\/elexi.fr\/"},{"@type":"ListItem","position":2,"name":"Accueil"}]}]}},"_links":{"self":[{"href":"https:\/\/elexi.fr\/pt\/wp-json\/wp\/v2\/pages\/39"}],"collection":[{"href":"https:\/\/elexi.fr\/pt\/wp-json\/wp\/v2\/pages"}],"about":[{"href":"https:\/\/elexi.fr\/pt\/wp-json\/wp\/v2\/types\/page"}],"author":[{"embeddable":true,"href":"https:\/\/elexi.fr\/pt\/wp-json\/wp\/v2\/users\/1"}],"replies":[{"embeddable":true,"href":"https:\/\/elexi.fr\/pt\/wp-json\/wp\/v2\/comments?post=39"}],"version-history":[{"count":44,"href":"https:\/\/elexi.fr\/pt\/wp-json\/wp\/v2\/pages\/39\/revisions"}],"predecessor-version":[{"id":1136,"href":"https:\/\/elexi.fr\/pt\/wp-json\/wp\/v2\/pages\/39\/revisions\/1136"}],"wp:featuredmedia":[{"embeddable":true,"href":"https:\/\/elexi.fr\/pt\/wp-json\/wp\/v2\/media\/101"}],"wp:attachment":[{"href":"https:\/\/elexi.fr\/pt\/wp-json\/wp\/v2\/media?parent=39"}],"curies":[{"name":"wp","href":"https:\/\/api.w.org\/{rel}","templated":true}]}}