{"id":371,"date":"2020-03-19T17:10:52","date_gmt":"2020-03-19T16:10:52","guid":{"rendered":"https:\/\/elexi.fr\/?page_id=371"},"modified":"2023-07-18T22:54:46","modified_gmt":"2023-07-18T20:54:46","slug":"recrutement-taxi-vtc","status":"publish","type":"page","link":"https:\/\/elexi.fr\/pt\/recrutement-taxi-vtc\/","title":{"rendered":"Recrutement Taxi &#038; VTC en v\u00e9hicule \u00e9lectrique"},"content":{"rendered":"<h1>\n\t\t\t\tRECRUTEMENT TAXI\/VTC\n\t\t\t<\/h1>\n\t<h1>\n\t\t\t<\/h1>\n\t\t<p>Elexi op\u00e8re partout en France des services de mobilit\u00e9 \u00e9co-responsable. Notre mod\u00e8le se veut durable, responsable et vertueux.\u00a0<\/p>\t\n\t<h3>\n\t\t\t\tQu&rsquo;est-ce qu&rsquo;Elexi ?\n\t\t\t<\/h3>\n\t\t<p>Elexi a fait le pari d&rsquo;un mod\u00e8le inclusif, l&rsquo;activit\u00e9 partout en France est r\u00e9alis\u00e9e par des salari\u00e9s et des chauffeurs ind\u00e9pendants soit sous statut Taxi soit sous statut VTC.\u00a0<br \/>Les clients cherchent \u00e0 se faire conduire d&rsquo;un point A \u00e0 un point B, ils ne font plus la distinction entre taxi ou VTC tant que le service est qualitatif et \u00e9co-responsable. <a href=\"https:\/\/elexi.fr\/pt\/marque-elexi\/\">En savoir plus sur la marque Elexi &gt;<\/a><\/p>\n<p>Nous avons fait le choix de nous implanter localement sur Bordeaux et Paris pour garder une grande proximit\u00e9 avec nos clients et conna\u00eetre tr\u00e8s bien la r\u00e9gion o\u00f9 nous op\u00e9rons. Important \u00e0 noter : nous ne sommes en aucun cas une application, nous sommes modernes et utilisons <a href=\"https:\/\/nebulea.eu\">Nebulea<\/a> comme syst\u00e8me de gestion. Notre mod\u00e8le est profond\u00e9ment durable et rentable en proposant des conditions sociales int\u00e9ressantes \u00e0 ceux qui le souhaitent et en conservant l\u2019ind\u00e9pendance des autres.\u00a0<\/p>\n\t<h3>\n\t\t\t\tComment travailler avec Elexi Driver ?\n\t\t\t<\/h3>\n\t<h3>\n\t\t\t\tSi vous avez d\u00e9j\u00e0 un v\u00e9hicule \u00e9lectrique\n\t\t\t<\/h3>\n\t\t<p>Top ! Vous conduisez d\u00e9j\u00e0 un v\u00e9hicule \u00e9lectrique, vous \u00eates ind\u00e9pendant sous statut Taxi ou VTC. Nos agences de Bordeaux, Lyon, Marseille, Strasbourg, Nantes, Lille, Toulouse et Paris recrutent de nouveaux partenaires. Vous habitez une autre ville, peu importe, faites nous signe. Contactez nous &gt; <a href=\"mailto:chauffeurs@elexi.fr\">chauffeurs@elexi.fr<\/a><\/p>\t\n\t\t\t<a href=\"https:\/\/elexi.fr\/pt\/\" target=\"_self\" role=\"button\" rel=\"noopener\">\n\t\t\t\t\t\t\tD\u00e9couvrir les offres Elexi\n\t\t<\/a>\n\t\t\t\t<img loading=\"lazy\" src=\"https:\/\/elexi.fr\/wp-content\/uploads\/2020\/03\/Voitures-Kia.png\" alt=\"Kia Niro en location pour particuliers, VTC, d\u00e9placement professionnel\" itemprop=\"image\" height=\"500\" width=\"800\" title=\"Voitures - Kia\" onerror=\"this.style.display='none'\"  \/>\n\t\t\t\t<img loading=\"lazy\" src=\"https:\/\/elexi.fr\/wp-content\/uploads\/2020\/03\/Voitures-Nissan-Leaf.png\" alt=\"Location Nissan Leaf pour VTC et particuliers\" itemprop=\"image\" height=\"500\" width=\"800\" title=\"Voitures - Nissan Leaf\" onerror=\"this.style.display='none'\"  \/>","protected":false},"excerpt":{"rendered":"<p>RECRUTEMENT TAXI\/VTC Elexi op\u00e8re partout en France des services de mobilit\u00e9 \u00e9co-responsable. Notre mod\u00e8le se veut durable, responsable et vertueux.\u00a0 Qu&rsquo;est-ce qu&rsquo;Elexi ? Elexi a fait le pari d&rsquo;un mod\u00e8le inclusif, l&rsquo;activit\u00e9 partout en France est r\u00e9alis\u00e9e par des salari\u00e9s et des chauffeurs ind\u00e9pendants soit sous statut Taxi soit sous statut VTC.\u00a0Les clients cherchent \u00e0 &hellip;<\/p>\n<p class=\"read-more\"> <a class=\"\" href=\"https:\/\/elexi.fr\/pt\/recrutement-taxi-vtc\/\"> <span class=\"screen-reader-text\">Recrutement Taxi &#038; VTC en v\u00e9hicule \u00e9lectrique<\/span> Leia mais &raquo;<\/a><\/p>","protected":false},"author":1,"featured_media":0,"parent":0,"menu_order":0,"comment_status":"closed","ping_status":"closed","template":"","meta":{"_monsterinsights_skip_tracking":false,"_monsterinsights_sitenote_active":false,"_monsterinsights_sitenote_note":"","_monsterinsights_sitenote_category":0},"yoast_head":"<!-- This site is optimized with the Yoast SEO plugin v17.8 - https:\/\/yoast.com\/wordpress\/plugins\/seo\/ -->\n<title>Recrutement Taxi &amp; VTC en v\u00e9hicule \u00e9lectrique - avec ou sans v\u00e9hicule<\/title>\n<meta name=\"description\" content=\"Recrutement taxi et VTC partout en France, Bordeaux, Lille, Marseille, Lyon, Paris, Toulouse et Nantes. Location de voiture pour VTC.\" \/>\n<meta name=\"robots\" content=\"index, follow, max-snippet:-1, max-image-preview:large, max-video-preview:-1\" \/>\n<link rel=\"canonical\" href=\"https:\/\/elexi.fr\/recrutement-taxi-vtc\/\" \/>\n<meta property=\"og:locale\" content=\"pt_BR\" \/>\n<meta property=\"og:type\" content=\"article\" \/>\n<meta property=\"og:title\" content=\"Recrutement Taxi &amp; VTC en v\u00e9hicule \u00e9lectrique - avec ou sans v\u00e9hicule\" \/>\n<meta property=\"og:description\" content=\"Recrutement taxi et VTC partout en France, Bordeaux, Lille, Marseille, Lyon, Paris, Toulouse et Nantes. Location de voiture pour VTC.\" \/>\n<meta property=\"og:url\" content=\"https:\/\/elexi.fr\/recrutement-taxi-vtc\/\" \/>\n<meta property=\"og:site_name\" content=\"Elexi\" \/>\n<meta property=\"article:publisher\" content=\"https:\/\/www.facebook.com\/elexi.bdx\/\" \/>\n<meta property=\"article:modified_time\" content=\"2023-07-18T20:54:46+00:00\" \/>\n<meta property=\"og:image\" content=\"https:\/\/elexi.fr\/wp-content\/uploads\/2020\/03\/Voitures-Kia.png\" \/>\n<meta name=\"twitter:label1\" content=\"Est. tempo de leitura\" \/>\n\t<meta name=\"twitter:data1\" content=\"2 minutos\" \/>\n<script type=\"application\/ld+json\" class=\"yoast-schema-graph\">{\"@context\":\"https:\/\/schema.org\",\"@graph\":[{\"@type\":\"Organization\",\"@id\":\"https:\/\/elexi.fr\/#organization\",\"name\":\"Elexi\",\"url\":\"https:\/\/elexi.fr\/\",\"sameAs\":[\"https:\/\/www.facebook.com\/elexi.bdx\/\",\"https:\/\/instagram.com\/elexi.travel.event\",\"https:\/\/www.linkedin.com\/company\/11209084\/\"],\"logo\":{\"@type\":\"ImageObject\",\"@id\":\"https:\/\/elexi.fr\/#logo\",\"inLanguage\":\"pt-BR\",\"url\":\"https:\/\/elexi.fr\/wp-content\/uploads\/2020\/02\/Elexi-blanc.png\",\"contentUrl\":\"https:\/\/elexi.fr\/wp-content\/uploads\/2020\/02\/Elexi-blanc.png\",\"width\":4213,\"height\":1538,\"caption\":\"Elexi\"},\"image\":{\"@id\":\"https:\/\/elexi.fr\/#logo\"}},{\"@type\":\"WebSite\",\"@id\":\"https:\/\/elexi.fr\/#website\",\"url\":\"https:\/\/elexi.fr\/\",\"name\":\"Elexi\",\"description\":\"Agences d&#039;\\u00e9co-mobilit\\u00e9\",\"publisher\":{\"@id\":\"https:\/\/elexi.fr\/#organization\"},\"potentialAction\":[{\"@type\":\"SearchAction\",\"target\":{\"@type\":\"EntryPoint\",\"urlTemplate\":\"https:\/\/elexi.fr\/?s={search_term_string}\"},\"query-input\":\"required name=search_term_string\"}],\"inLanguage\":\"pt-BR\"},{\"@type\":\"ImageObject\",\"@id\":\"https:\/\/elexi.fr\/recrutement-taxi-vtc\/#primaryimage\",\"inLanguage\":\"pt-BR\",\"url\":\"https:\/\/elexi.fr\/wp-content\/uploads\/2020\/03\/Voitures-Kia.png\",\"contentUrl\":\"https:\/\/elexi.fr\/wp-content\/uploads\/2020\/03\/Voitures-Kia.png\",\"width\":800,\"height\":500,\"caption\":\"Kia Niro en location pour particuliers, VTC, d\\u00e9placement professionnel\"},{\"@type\":\"WebPage\",\"@id\":\"https:\/\/elexi.fr\/recrutement-taxi-vtc\/#webpage\",\"url\":\"https:\/\/elexi.fr\/recrutement-taxi-vtc\/\",\"name\":\"Recrutement Taxi & VTC en v\\u00e9hicule \\u00e9lectrique - avec ou sans v\\u00e9hicule\",\"isPartOf\":{\"@id\":\"https:\/\/elexi.fr\/#website\"},\"primaryImageOfPage\":{\"@id\":\"https:\/\/elexi.fr\/recrutement-taxi-vtc\/#primaryimage\"},\"datePublished\":\"2020-03-19T16:10:52+00:00\",\"dateModified\":\"2023-07-18T20:54:46+00:00\",\"description\":\"Recrutement taxi et VTC partout en France, Bordeaux, Lille, Marseille, Lyon, Paris, Toulouse et Nantes. Location de voiture pour VTC.\",\"breadcrumb\":{\"@id\":\"https:\/\/elexi.fr\/recrutement-taxi-vtc\/#breadcrumb\"},\"inLanguage\":\"pt-BR\",\"potentialAction\":[{\"@type\":\"ReadAction\",\"target\":[\"https:\/\/elexi.fr\/recrutement-taxi-vtc\/\"]}]},{\"@type\":\"BreadcrumbList\",\"@id\":\"https:\/\/elexi.fr\/recrutement-taxi-vtc\/#breadcrumb\",\"itemListElement\":[{\"@type\":\"ListItem\",\"position\":1,\"name\":\"Accueil\",\"item\":\"https:\/\/elexi.fr\/\"},{\"@type\":\"ListItem\",\"position\":2,\"name\":\"Recrutement Taxi &#038; VTC en v\\u00e9hicule \\u00e9lectrique\"}]}]}<\/script>\n<!-- \/ Yoast SEO plugin. -->","yoast_head_json":{"title":"Recrutement Taxi & VTC en v\u00e9hicule \u00e9lectrique - avec ou sans v\u00e9hicule","description":"Recrutement taxi et VTC partout en France, Bordeaux, Lille, Marseille, Lyon, Paris, Toulouse et Nantes. Location de voiture pour VTC.","robots":{"index":"index","follow":"follow","max-snippet":"max-snippet:-1","max-image-preview":"max-image-preview:large","max-video-preview":"max-video-preview:-1"},"canonical":"https:\/\/elexi.fr\/recrutement-taxi-vtc\/","og_locale":"pt_BR","og_type":"article","og_title":"Recrutement Taxi & VTC en v\u00e9hicule \u00e9lectrique - avec ou sans v\u00e9hicule","og_description":"Recrutement taxi et VTC partout en France, Bordeaux, Lille, Marseille, Lyon, Paris, Toulouse et Nantes. Location de voiture pour VTC.","og_url":"https:\/\/elexi.fr\/recrutement-taxi-vtc\/","og_site_name":"Elexi","article_publisher":"https:\/\/www.facebook.com\/elexi.bdx\/","article_modified_time":"2023-07-18T20:54:46+00:00","og_image":[{"url":"https:\/\/elexi.fr\/wp-content\/uploads\/2020\/03\/Voitures-Kia.png"}],"twitter_misc":{"Est. tempo de leitura":"2 minutos"},"schema":{"@context":"https:\/\/schema.org","@graph":[{"@type":"Organization","@id":"https:\/\/elexi.fr\/#organization","name":"Elexi","url":"https:\/\/elexi.fr\/","sameAs":["https:\/\/www.facebook.com\/elexi.bdx\/","https:\/\/instagram.com\/elexi.travel.event","https:\/\/www.linkedin.com\/company\/11209084\/"],"logo":{"@type":"ImageObject","@id":"https:\/\/elexi.fr\/#logo","inLanguage":"pt-BR","url":"https:\/\/elexi.fr\/wp-content\/uploads\/2020\/02\/Elexi-blanc.png","contentUrl":"https:\/\/elexi.fr\/wp-content\/uploads\/2020\/02\/Elexi-blanc.png","width":4213,"height":1538,"caption":"Elexi"},"image":{"@id":"https:\/\/elexi.fr\/#logo"}},{"@type":"WebSite","@id":"https:\/\/elexi.fr\/#website","url":"https:\/\/elexi.fr\/","name":"Elexi","description":"Agences d&#039;\u00e9co-mobilit\u00e9","publisher":{"@id":"https:\/\/elexi.fr\/#organization"},"potentialAction":[{"@type":"SearchAction","target":{"@type":"EntryPoint","urlTemplate":"https:\/\/elexi.fr\/?s={search_term_string}"},"query-input":"required name=search_term_string"}],"inLanguage":"pt-BR"},{"@type":"ImageObject","@id":"https:\/\/elexi.fr\/recrutement-taxi-vtc\/#primaryimage","inLanguage":"pt-BR","url":"https:\/\/elexi.fr\/wp-content\/uploads\/2020\/03\/Voitures-Kia.png","contentUrl":"https:\/\/elexi.fr\/wp-content\/uploads\/2020\/03\/Voitures-Kia.png","width":800,"height":500,"caption":"Kia Niro en location pour particuliers, VTC, d\u00e9placement professionnel"},{"@type":"WebPage","@id":"https:\/\/elexi.fr\/recrutement-taxi-vtc\/#webpage","url":"https:\/\/elexi.fr\/recrutement-taxi-vtc\/","name":"Recrutement Taxi & VTC en v\u00e9hicule \u00e9lectrique - avec ou sans v\u00e9hicule","isPartOf":{"@id":"https:\/\/elexi.fr\/#website"},"primaryImageOfPage":{"@id":"https:\/\/elexi.fr\/recrutement-taxi-vtc\/#primaryimage"},"datePublished":"2020-03-19T16:10:52+00:00","dateModified":"2023-07-18T20:54:46+00:00","description":"Recrutement taxi et VTC partout en France, Bordeaux, Lille, Marseille, Lyon, Paris, Toulouse et Nantes. Location de voiture pour VTC.","breadcrumb":{"@id":"https:\/\/elexi.fr\/recrutement-taxi-vtc\/#breadcrumb"},"inLanguage":"pt-BR","potentialAction":[{"@type":"ReadAction","target":["https:\/\/elexi.fr\/recrutement-taxi-vtc\/"]}]},{"@type":"BreadcrumbList","@id":"https:\/\/elexi.fr\/recrutement-taxi-vtc\/#breadcrumb","itemListElement":[{"@type":"ListItem","position":1,"name":"Accueil","item":"https:\/\/elexi.fr\/"},{"@type":"ListItem","position":2,"name":"Recrutement Taxi &#038; VTC en v\u00e9hicule \u00e9lectrique"}]}]}},"_links":{"self":[{"href":"https:\/\/elexi.fr\/pt\/wp-json\/wp\/v2\/pages\/371"}],"collection":[{"href":"https:\/\/elexi.fr\/pt\/wp-json\/wp\/v2\/pages"}],"about":[{"href":"https:\/\/elexi.fr\/pt\/wp-json\/wp\/v2\/types\/page"}],"author":[{"embeddable":true,"href":"https:\/\/elexi.fr\/pt\/wp-json\/wp\/v2\/users\/1"}],"replies":[{"embeddable":true,"href":"https:\/\/elexi.fr\/pt\/wp-json\/wp\/v2\/comments?post=371"}],"version-history":[{"count":15,"href":"https:\/\/elexi.fr\/pt\/wp-json\/wp\/v2\/pages\/371\/revisions"}],"predecessor-version":[{"id":1126,"href":"https:\/\/elexi.fr\/pt\/wp-json\/wp\/v2\/pages\/371\/revisions\/1126"}],"wp:attachment":[{"href":"https:\/\/elexi.fr\/pt\/wp-json\/wp\/v2\/media?parent=371"}],"curies":[{"name":"wp","href":"https:\/\/api.w.org\/{rel}","templated":true}]}}