{"id":220,"date":"2020-03-03T19:20:24","date_gmt":"2020-03-03T18:20:24","guid":{"rendered":"https:\/\/elexi.fr\/?page_id=220"},"modified":"2023-07-18T21:42:33","modified_gmt":"2023-07-18T19:42:33","slug":"location-tesla-avec-chauffeur-mariage","status":"publish","type":"page","link":"https:\/\/elexi.fr\/pt\/aluguel-tesla-com-condutor-casamento\/","title":{"rendered":"Location voiture Mariage en Tesla"},"content":{"rendered":"<meta itemprop=\"url\" content=\"https:\/\/elexi.fr\/wp-content\/uploads\/2020\/11\/Location-de-Voiture-Tesla-pour-Mariage.mp4\" \/><meta itemprop=\"thumbnail\" content=\"https:\/\/elexi.fr\/wp-content\/uploads\/2020\/11\/Sans-titre12.001-min.jpeg\" \/><div style=\"width: 100px;\" class=\"wp-video\"><!--[if lt IE 9]><script>document.createElement('video');<\/script><![endif]-->\n<video class=\"wp-video-shortcode\" id=\"video-220-1\" width=\"100\" height=\"100\" poster=\"https:\/\/elexi.fr\/wp-content\/uploads\/2020\/11\/Sans-titre12.001-min.jpeg\" preload=\"none\" controls=\"controls\"><source type=\"video\/mp4\" src=\"https:\/\/elexi.fr\/wp-content\/uploads\/2020\/11\/Location-de-Voiture-Tesla-pour-Mariage.mp4?_=1\" \/><a href=\"https:\/\/elexi.fr\/wp-content\/uploads\/2020\/11\/Location-de-Voiture-Tesla-pour-Mariage.mp4\">https:\/\/elexi.fr\/wp-content\/uploads\/2020\/11\/Location-de-Voiture-Tesla-pour-Mariage.mp4<\/a><\/video><\/div>\n\t<h4>\n\t\t\t\tMARIAGE\n\t\t\t<\/h4>\n\t<h4>\n\t\t\t\tMARIAGE\n\t\t\t<\/h4>\n\t\t<h1>Location de Tesla avec chauffeur, les berlines haut-de-gamme et limousines luxueuses pour une exp\u00e9rience unique lors de votre mariage. Une exp\u00e9rience \u00e9poustouflante !<\/h1>\t\n\t\t\t<a href=\"#booking\" target=\"_self\" role=\"button\" rel=\"noopener\">\n\t\t\t\t\t\t\tReserve\n\t\t<\/a>\n\t<h3>\n\t\t\t\tNos agences Voiture Mariage\n\t\t\t<\/h3>\n\t\t<p><a href=\"https:\/\/elexi.fr\/pt\/location-voiture-mariage-bordeaux\/\"><strong>Bordeaux<\/strong><\/a> | Paris | <a href=\"https:\/\/elexi.fr\/pt\/location-voiture-mariage-strasbourg\/\"><strong>Strasbourg<\/strong><\/a> | <a href=\"https:\/\/elexi.fr\/pt\/location-voiture-mariage-nantes\/\"><strong>Nantes<\/strong><\/a> | <a href=\"https:\/\/elexi.fr\/pt\/location-voiture-mariage-lille\/\"><strong>Lille<\/strong><\/a> | <a href=\"https:\/\/elexi.fr\/pt\/location-voiture-mariage-marseille\/\"><strong>Marseille<\/strong><\/a> | Toulouse | <a href=\"https:\/\/elexi.fr\/pt\/location-voiture-mariage-lyon\/\"><strong>Lyon<\/strong><\/a><\/p>\n\t<h2>\n\t\t\t\tInformations\/Devis pour mariage en Tesla\n\t\t\t<\/h2>\n\t\t<p>D\u00e9lai de r\u00e9ponse <strong>dans la journ\u00e9e<\/strong>.<\/p>\n\t\t\t\t<img src=\"https:\/\/elexi.fr\/wp-content\/uploads\/2020\/12\/img.003.jpeg\" alt=\"img.003\" title=\"img.003\" itemprop=\"image\"\/>\n\t\t<h3>Location Tesla Model X Mariage<\/h3>\n\t\t\t\t<p>Pas de caution, les services VIP d&rsquo;un chauffeur priv\u00e9 en plus.<\/p>\n<p><strong>\u00c0 partir de 630 \u20ac <\/strong><\/p>\n\t\t\t<a href=\"https:\/\/nebulea.eu\/forms\/609576fea38140d7e5c3f784\" target=\"_blank\" rel=\"noopener\" role=\"button\">\n\t\t\t\t\t\t\tDevis\n\t\t<\/a>\n\t\t\t\t<img src=\"https:\/\/elexi.fr\/wp-content\/uploads\/2020\/12\/img.001.jpeg\" alt=\"img.001\" title=\"img.001\" itemprop=\"image\"\/>\n\t\t<h3>Location Tesla Model S Mariage<\/h3>\n\t\t\t\t<p>Pas de caution, les services VIP d&rsquo;un chauffeur priv\u00e9 en plus.<\/p>\n<p><strong>\u00c0 partir de 530 \u20ac <\/strong><\/p>\n\t\t\t<a href=\"https:\/\/nebulea.eu\/forms\/609576fea38140d7e5c3f784\" target=\"_blank\" rel=\"noopener\" role=\"button\">\n\t\t\t\t\t\t\tDevis\n\t\t<\/a>\n\t\t\t\t<img src=\"https:\/\/elexi.fr\/wp-content\/uploads\/2020\/12\/img.002.jpeg\" alt=\"img.002\" title=\"img.002\" itemprop=\"image\"\/>\n\t\t<h3>Location Tesla Model 3 Mariage<\/h3>\n\t\t\t\t<p>Pas de caution, les services VIP d&rsquo;un chauffeur priv\u00e9 en plus.<\/p>\n<p><strong>\u00c0 partir de 450 \u20ac <\/strong><\/p>\n\t\t\t<a href=\"https:\/\/nebulea.eu\/forms\/609576fea38140d7e5c3f784\" target=\"_blank\" rel=\"noopener\" role=\"button\">\n\t\t\t\t\t\t\tDevis\n\t\t<\/a>\n\t\t\t\t<img src=\"https:\/\/elexi.fr\/wp-content\/uploads\/2020\/12\/img.004.jpeg\" alt=\"img.004\" title=\"img.004\" itemprop=\"image\"\/>\n\t\t<h3>Navettes invit\u00e9s Van\/Bus<\/h3>\n\t\t\t<h2>Van\t\t\t<\/h2>\n\t\t\t<!-- Display Switch -->\n\t\t\t<input type=\"checkbox\" name=\"group1\" id=\"toggle\" ><label for=\"toggle\"><\/label>\n\t\t\t<h2>Bus<\/h2>\n\t\t\t<p>Id\u00e9al pour faire plusieurs aller-retours pendant la nuit.<\/p>\n<p><strong>En moyenne 750 &#8211; 1150 \u20ac<\/strong><\/p>\n\t\t\t<p>Un bus pour que tous vos invit\u00e9s arrivent ou rentrent en m\u00eame temps.<\/p>\n<p><strong>\u00c0 partir de 300 \u20ac.<\/strong><\/p>\n\t\t\t<a href=\"https:\/\/nebulea.eu\/forms\/609576fea38140d7e5c3f784\" target=\"_blank\" rel=\"noopener\" role=\"button\">\n\t\t\t\t\t\t\tDevis\n\t\t<\/a>\n\t\t\t<h3>L\u2019exp\u00e9rience Tesla est luxueuse et unique. Faites la diff\u00e9rence !<\/h3>\t\t\t\n\t\t\t\t<p>La location de voiture pour mariage avec chauffeur est l&rsquo;une de nos sp\u00e9cialit\u00e9s chez Elexi.<br \/>Depuis plusieurs ann\u00e9es, Elexi accompagne les futurs mari\u00e9s \u00e0 Bordeaux et en France dans la pr\u00e9paration de leur Jour J.<\/p>\n\t\t\t\t<img src=\"https:\/\/elexi.fr\/wp-content\/uploads\/2020\/03\/Arbre-1.png\" alt=\"Arbre\" itemprop=\"image\" title=\"Arbre\" onerror=\"this.style.display='none'\"  \/>\n\t\t\t\t<img src=\"https:\/\/elexi.fr\/wp-content\/uploads\/2020\/03\/Arbre-1.png\" alt=\"Arbre\" itemprop=\"image\" title=\"Arbre\" onerror=\"this.style.display='none'\"  \/>\n\t\t\t\t<img src=\"https:\/\/elexi.fr\/wp-content\/uploads\/2020\/03\/Arbre-1.png\" alt=\"Arbre\" itemprop=\"image\" title=\"Arbre\" onerror=\"this.style.display='none'\"  \/>\n\t<p>L&rsquo;option avec chauffeur est id\u00e9ale pour un mariage sans tracas. Profitez d&rsquo;un professionnel qui vous accompagnera en toute discr\u00e9tion : vous aider \u00e0 monter, tenir vos affaires, mener le convoi.<\/p>\n\t<p>Les berlines Tesla offrent un confort in\u00e9gal\u00e9 pour les mari\u00e9s. En particulier, en louant une Tesla Model X pour votre mariage, vous aurez les portes papillons, id\u00e9ales pour les robes de mari\u00e9e volumineuses.<\/p>\n\t<p>Le format le plus populaire est une mise \u00e0 disposition pour 3 ou 4 heures d&rsquo;une voiture pour mari\u00e9s. Nous r\u00e9alisons \u00e9galement de simples transferts.<\/p>\n<p>\u00c0 Bordeaux, nous proposons aussi la <a href=\"https:\/\/elexi.fr\/pt\/location-bus-pour-mariage\/\">Location de Bus pour Mariage<\/a>.<\/p>\n\t\t\t<a href=\"#booking\" target=\"_self\" role=\"button\" rel=\"noopener\">\n\t\t\t\t\t\t\tReserve\n\t\t<\/a>\n\t<h2>\n\t\t\t\tVotre Mariage en Tesla\n\t\t\t<\/h2>\n\t\t<p>Des voitures incroyables pour le plus beau jour de votre vie !\u00a0<\/p>\t\n\t<h2>\n\t\t\t\tPrix &#038; Suggestions\n\t\t\t<\/h2>\n\t\t<p>Chaque mariage est diff\u00e9rent, nous r\u00e9alisons un devis rapide sur-mesure.<\/p>\t\n\t<h6>\n\t\t\t\tPrix TTC pour la location avec chauffeur, <b>\u00e0 partir de<\/b>\n\t\t\t<\/h6>\n\t\t\t\t<table>\n\t\t\t\t\t<thead>\n\t\t\t\t\t\t\t\t\t\t\t\t\t\t<tr>\n\t\t\t\t\t\t\t\t\t\t\t\t\t\t\t<th rowspan=\"1\" colspan=\"\" >\n\t\t\t\t\t\t\t\t\t\t\t\t\t\t\t\t\t<label> \n\t\t\t\t\t\t\t\t\t\t<label> Tesla <\/label> \n\t\t\t\t\t\t\t\t\t<\/label>\n\t\t\t\t\t\t\t\t\t\t\t\t\t\t\t\t\t<\/th> \n\t\t\t\t\t\t\t\t\t\t\t\t\t\t<th rowspan=\"\" colspan=\"\" >\n\t\t\t\t\t\t\t\t\t\t\t\t\t\t\t\t\t<label> \n\t\t\t\t\t\t\t\t\t\t<label> Forfait <\/label> \n\t\t\t\t\t\t\t\t\t<\/label>\n\t\t\t\t\t\t\t\t\t\t\t\t\t\t\t\t\t<\/th> \n\t\t\t\t\t\t\t\t\t\t\t<\/thead>\n\t\t\t\t\t<tbody>\n\t\t\t\t\t\t\t\t\t\t\t\t\t\t\t<tr> \n\t\t\t\t\t\t\t\t\t\t\t\t\t\t\t\t\t\t\t\t<td colspan=\"\" rowspan=\"\"> \n\t\t\t\t\t\t\t\t\t\t\t\t\t\t\t\t\t\t\t\t\t\t\t Model X \n\t\t\t\t\t\t\t\t\t\t\t\t\t\t\t\t\t\t\t\t\t\t\t<\/td>\n\t\t\t\t\t\t\t\t\t\t\t\t\t\t\t\t<td colspan=\"\" rowspan=\"\"> \n\t\t\t\t\t\t\t\t\t\t\t\t\t\t\t\t\t\t\t\t\t\t\t 630 \u20ac \n\t\t\t\t\t\t\t\t\t\t\t\t\t\t\t\t\t\t\t\t\t\t\t<\/td>\n\t\t\t\t\t\t\t\t\t\t\t\t\t\t\t<tr> \n\t\t\t\t\t\t\t\t\t\t\t\t\t\t\t\t\t\t\t\t<td colspan=\"\" rowspan=\"\"> \n\t\t\t\t\t\t\t\t\t\t\t\t\t\t\t\t\t\t\t\t\t\t\t Model S \n\t\t\t\t\t\t\t\t\t\t\t\t\t\t\t\t\t\t\t\t\t\t\t<\/td>\n\t\t\t\t\t\t\t\t\t\t\t\t\t\t\t\t<td colspan=\"\" rowspan=\"\"> \n\t\t\t\t\t\t\t\t\t\t\t\t\t\t\t\t\t\t\t\t\t\t\t 530 \u20ac  \n\t\t\t\t\t\t\t\t\t\t\t\t\t\t\t\t\t\t\t\t\t\t\t<\/td>\n\t\t\t\t\t\t\t\t\t\t\t\t\t\t\t<tr> \n\t\t\t\t\t\t\t\t\t\t\t\t\t\t\t\t\t\t\t\t<td colspan=\"\" rowspan=\"\"> \n\t\t\t\t\t\t\t\t\t\t\t\t\t\t\t\t\t\t\t\t\t\t\t Model 3 \n\t\t\t\t\t\t\t\t\t\t\t\t\t\t\t\t\t\t\t\t\t\t\t<\/td>\n\t\t\t\t\t\t\t\t\t\t\t\t\t\t\t\t<td colspan=\"\" rowspan=\"\"> \n\t\t\t\t\t\t\t\t\t\t\t\t\t\t\t\t\t\t\t\t\t\t\t 450 \u20ac  \n\t\t\t\t\t\t\t\t\t\t\t\t\t\t\t\t\t\t\t\t\t\t\t<\/td>\n\t\t\t\t\t\t\t\t\t\t\t<\/tbody>\n\t\t\t\t<\/table>\n\t<h3>\n\t\t\t\tT\u00e9l\u00e9charger notre book de photos\n\t\t\t<\/h3>\n\t\t\t\t<img src=\"https:\/\/elexi.fr\/wp-content\/uploads\/2020\/03\/Arbre-1.png\" alt=\"Arbre\" itemprop=\"image\" title=\"Arbre\" onerror=\"this.style.display='none'\"  \/>\n\t\t\t\t<img src=\"https:\/\/elexi.fr\/wp-content\/uploads\/2020\/03\/Arbre-1.png\" alt=\"Arbre\" itemprop=\"image\" title=\"Arbre\" onerror=\"this.style.display='none'\"  \/>\n\t\t\t\t<img src=\"https:\/\/elexi.fr\/wp-content\/uploads\/2020\/03\/Arbre-1.png\" alt=\"Arbre\" itemprop=\"image\" title=\"Arbre\" onerror=\"this.style.display='none'\"  \/>\n\t\t\t<h3>WEDDING PLANNER<\/h3>\t\t\t\n\t\t\t\t<p>Voc\u00ea \u00e9 um profissional? N\u00f3s tamb\u00e9m! <\/p>\n<ul>\n<li><a href=\"https:\/\/www.aetherium.fr\/apres-b2b-b2c-decouvrez-h2h\/\">Uma rela\u00e7\u00e3o humana<\/a><\/li>\n<li><a href=\"https:\/\/www.mariages.net\/voiture-mariage\/elexi-travel-&amp;-event--e185461\">Um contacto privilegiado<\/a><\/li>\n<li><a href=\"https:\/\/www.linkedin.com\/company\/elexi\">Tarifas de parceiros<\/a><\/li>\n<li>Acompanhamento personalizado<\/li>\n<\/ul>\n<p><a href=\"https:\/\/elexi.fr\/pt\/accueil\/contact\/\">FALE CONOSCO<\/a><\/p>\n\t\t\t<h3>EM ACRESCENTA\u00c7\u00c3O<\/h3>\t\t\t\n\t\t\t\t<h2>N&rsquo;oubliez pas vos invit\u00e9s !<\/h2>\n<ul>\n<li><a href=\"https:\/\/elexi.fr\/pt\/location-bus-pour-mariage\/\">Les navettes bus<\/a><\/li>\n<li><a href=\"https:\/\/elexi.fr\/pt\/evjf-evg-bordeaux-paris-lyon-nantes-marseille\/\">EVJF et EVG<\/a><\/li>\n<li><a href=\"https:\/\/elexi.fr\/pt\/taxi-motorista\/\">Transfer\u00eancias de aeroportos e esta\u00e7\u00f5es de trem<\/a><\/li>\n<li><a href=\"https:\/\/elexi.fr\/pt\/location-voiture-electrique-et-tesla\/\">\n<\/ul>\n<p><a href=\"https:\/\/elexi.fr\/pt\/accueil\/contact\/\">FALE CONOSCO<\/a><\/p>\n\t<h2>\n\t\t\t\tNos r\u00e9f\u00e9rences\n\t\t\t<\/h2>\n\t\t<p>Ces derni\u00e8res ann\u00e9es, nous avons accompagn\u00e9 des dizaines de mari\u00e9s pour l&rsquo;organisation de mariage et la voiture des mari\u00e9s.<\/p>\t\n\t<h2>\n\t\t\t\tMariage \u00e0 Bordeaux &#8211; Tesla Model X\n\t\t\t<\/h2>\n\t\t<p>Le 8 juin 2019, Eva et Pierre se sont dits oui \u00e0 la mairie de Bordeaux et avaient lou\u00e9 une berline Tesla avec chauffeur. Eva avait fait le choix de la Tesla Model X pour son mariage car elle a pu simplement s&rsquo;installer dans la voiture et faire passer sans soucis sa robe de princesse gr\u00e2ce aux portes papillons qui laissent tout l&rsquo;espace pour s&rsquo;assoir facilement.<\/p>\t\n\t<h2>\n\t\t\t\tLocation de voiture haut-de-gamme avec chauffeur\n\t\t\t<\/h2>\n\t\t<p>C&rsquo;est au tour de Valentin, il va se marier cette ann\u00e9e en <a href=\"https:\/\/elexi.fr\/pt\/chauffeur-prive-tesla\/\">van luxueux Mercedes 8 places<\/a>, il va pouvoir profiter de ses t\u00e9moins sur le chemin et rejoindra ensuite sa future femme \u00e0 la mairie de Paris. Ensemble ils partiront vers le domaine pour continuer la c\u00e9l\u00e9bration en Tesla Model X, juste Valentin et sa femme.\u00a0<\/p>\t\n\t<h2>\n\t\t\t\tNavettes invit\u00e9s \u00e0 Bordeaux\n\t\t\t<\/h2>\n\t\t<p>De temps en temps, les mari\u00e9s viennent vers notre \u00e9quipe pour op\u00e9rer uniquement les navettes invit\u00e9s, comme c&rsquo;\u00e9tait le cas en ao\u00fbt dernier avec un gros mariage de 200 personnes. Organisation complexe, il a fallu cr\u00e9er des rotations pour r\u00e9cup\u00e9rer chacun \u00e0 son h\u00f4tel \u00e0 Bordeaux puis les amener \u00e0 la mairie pour enfin terminer au Ch\u00e2teau Soutard o\u00f9 ils ont fait la soir\u00e9e. La nuit a \u00e9t\u00e9 intense pour rapatrier chacun \u00e0 son h\u00f4tel avec des bus et des vans pour \u00eatre plus flexible. Article sur nos <a href=\"https:\/\/elexi.fr\/pt\/location-bus-pour-mariage\/\">location bus mariage \u00e0 Bordeaux &gt; ici.<\/a><\/p>\t\n\t<h2>\n\t\t\t\tVoiture des mari\u00e9s \u00e0 Paris &#8211; Tesla Model S\n\t\t\t<\/h2>\n\t\t<p>Pour son mariage le 20 juillet 2019, Samir nous avait contact\u00e9 trop tard pour avoir une Tesla Model X, il s&rsquo;est rabattu sur la location d&rsquo;une Tesla Model S, au look sportif et \u00e0 l&rsquo;allure vaillante. Tous ses invit\u00e9s ont appr\u00e9ci\u00e9 et sa femme a pu profiter de la climatisation \u00e0 bord malgr\u00e9 l&rsquo;\u00e9norme chaleur ce jour-l\u00e0. En bref, une location d&rsquo;une Tesla avec chauffeur pour leur mariage !\u00a0<\/p>\t\n\t<h2>\n\t\t\t\tTesla des mari\u00e9s et navettes invit\u00e9s\n\t\t\t<\/h2>\n\t\t<p>Tous les week-ends d&rsquo;\u00e9t\u00e9, nous g\u00e9rons les transports des invit\u00e9s aux mariages ainsi que la location de la berline pour les mari\u00e9s. Nous proposons un pack tout inclus sans surprise, <a href=\"https:\/\/elexi.fr\/pt\/bus-van-transport-groupe\/\">navettes invit\u00e9s de jour et de nuit<\/a> avec des vans et des bus pour les invit\u00e9s accompagn\u00e9s de la location avec ou <a href=\"https:\/\/elexi.fr\/pt\/location-voiture-electrique-et-tesla\/\">sans chauffeur<\/a> de la Tesla des mari\u00e9s.<\/p>\t\n\t<h2>\n\t\t\t\tVoiture mariage \u00e0 Lyon et Marseille\n\t\t\t<\/h2>\n\t\t<p>Un \u00e9v\u00e9nement un peu particulier, un mariage en deux \u00e9tapes : mairie \u00e0 Lyon le vendredi puis le lendemain l&rsquo;\u00e9glise et la soir\u00e9e avec les invit\u00e9s proche de Marseille, sur la Riviera. Nous avons satisfait aux exigences de la wedding planer en mobilisant tout notre savoir-faire pour un \u00e9v\u00e9nement sur-mesure et sans probl\u00e8me.\u00a0<\/p>","protected":false},"excerpt":{"rendered":"<p>MARIAGE MARIAGE Location de Tesla avec chauffeur, les berlines haut-de-gamme et limousines luxueuses pour une exp\u00e9rience unique lors de votre mariage. Une exp\u00e9rience \u00e9poustouflante ! R\u00e9server Nos agences Voiture Mariage Bordeaux | Paris | Strasbourg | Nantes | Lille | Marseille | Toulouse | Lyon Informations\/Devis pour mariage en Tesla D\u00e9lai de r\u00e9ponse dans la &hellip;<\/p>\n<p class=\"read-more\"> <a class=\"\" href=\"https:\/\/elexi.fr\/pt\/aluguel-tesla-com-condutor-casamento\/\"> <span class=\"screen-reader-text\">Location voiture Mariage en Tesla<\/span> Leia mais &raquo;<\/a><\/p>","protected":false},"author":1,"featured_media":0,"parent":0,"menu_order":0,"comment_status":"closed","ping_status":"closed","template":"","meta":{"_monsterinsights_skip_tracking":false,"_monsterinsights_sitenote_active":false,"_monsterinsights_sitenote_note":"","_monsterinsights_sitenote_category":0},"yoast_head":"<!-- This site is optimized with the Yoast SEO plugin v17.8 - https:\/\/yoast.com\/wordpress\/plugins\/seo\/ -->\n<title>Location voiture mariage Tesla chauffeur - Paris, Bordeaux, Lyon, Marseille<\/title>\n<meta name=\"description\" content=\"Location de voiture Tesla pour votre mariage, un chauffeur professionnel vous accompagnera le jour J. Une exp\u00e9rience WoW garantie !\" \/>\n<meta name=\"robots\" content=\"index, follow, max-snippet:-1, max-image-preview:large, max-video-preview:-1\" \/>\n<link rel=\"canonical\" href=\"https:\/\/elexi.fr\/location-tesla-avec-chauffeur-mariage\/\" \/>\n<meta property=\"og:locale\" content=\"pt_BR\" \/>\n<meta property=\"og:type\" content=\"article\" \/>\n<meta property=\"og:title\" content=\"Location voiture mariage Tesla chauffeur - Paris, Bordeaux, Lyon, Marseille\" \/>\n<meta property=\"og:description\" content=\"Location de voiture Tesla pour votre mariage, un chauffeur professionnel vous accompagnera le jour J. Une exp\u00e9rience WoW garantie !\" \/>\n<meta property=\"og:url\" content=\"https:\/\/elexi.fr\/location-tesla-avec-chauffeur-mariage\/\" \/>\n<meta property=\"og:site_name\" content=\"Elexi\" \/>\n<meta property=\"article:publisher\" content=\"https:\/\/www.facebook.com\/elexi.bdx\/\" \/>\n<meta property=\"article:modified_time\" content=\"2023-07-18T19:42:33+00:00\" \/>\n<meta property=\"og:image\" content=\"https:\/\/elexi.fr\/wp-content\/uploads\/2020\/12\/img.003.jpeg\" \/>\n<meta name=\"twitter:label1\" content=\"Est. tempo de leitura\" \/>\n\t<meta name=\"twitter:data1\" content=\"5 minutos\" \/>\n<script type=\"application\/ld+json\" class=\"yoast-schema-graph\">{\"@context\":\"https:\/\/schema.org\",\"@graph\":[{\"@type\":\"Organization\",\"@id\":\"https:\/\/elexi.fr\/#organization\",\"name\":\"Elexi\",\"url\":\"https:\/\/elexi.fr\/\",\"sameAs\":[\"https:\/\/www.facebook.com\/elexi.bdx\/\",\"https:\/\/instagram.com\/elexi.travel.event\",\"https:\/\/www.linkedin.com\/company\/11209084\/\"],\"logo\":{\"@type\":\"ImageObject\",\"@id\":\"https:\/\/elexi.fr\/#logo\",\"inLanguage\":\"pt-BR\",\"url\":\"https:\/\/elexi.fr\/wp-content\/uploads\/2020\/02\/Elexi-blanc.png\",\"contentUrl\":\"https:\/\/elexi.fr\/wp-content\/uploads\/2020\/02\/Elexi-blanc.png\",\"width\":4213,\"height\":1538,\"caption\":\"Elexi\"},\"image\":{\"@id\":\"https:\/\/elexi.fr\/#logo\"}},{\"@type\":\"WebSite\",\"@id\":\"https:\/\/elexi.fr\/#website\",\"url\":\"https:\/\/elexi.fr\/\",\"name\":\"Elexi\",\"description\":\"Agences d&#039;\\u00e9co-mobilit\\u00e9\",\"publisher\":{\"@id\":\"https:\/\/elexi.fr\/#organization\"},\"potentialAction\":[{\"@type\":\"SearchAction\",\"target\":{\"@type\":\"EntryPoint\",\"urlTemplate\":\"https:\/\/elexi.fr\/?s={search_term_string}\"},\"query-input\":\"required name=search_term_string\"}],\"inLanguage\":\"pt-BR\"},{\"@type\":\"ImageObject\",\"@id\":\"https:\/\/elexi.fr\/location-tesla-avec-chauffeur-mariage\/#primaryimage\",\"inLanguage\":\"pt-BR\",\"url\":\"https:\/\/elexi.fr\/wp-content\/uploads\/2020\/12\/img.003.jpeg\",\"contentUrl\":\"https:\/\/elexi.fr\/wp-content\/uploads\/2020\/12\/img.003.jpeg\",\"width\":600,\"height\":600},{\"@type\":\"WebPage\",\"@id\":\"https:\/\/elexi.fr\/location-tesla-avec-chauffeur-mariage\/#webpage\",\"url\":\"https:\/\/elexi.fr\/location-tesla-avec-chauffeur-mariage\/\",\"name\":\"Location voiture mariage Tesla chauffeur - Paris, Bordeaux, Lyon, Marseille\",\"isPartOf\":{\"@id\":\"https:\/\/elexi.fr\/#website\"},\"primaryImageOfPage\":{\"@id\":\"https:\/\/elexi.fr\/location-tesla-avec-chauffeur-mariage\/#primaryimage\"},\"datePublished\":\"2020-03-03T18:20:24+00:00\",\"dateModified\":\"2023-07-18T19:42:33+00:00\",\"description\":\"Location de voiture Tesla pour votre mariage, un chauffeur professionnel vous accompagnera le jour J. Une exp\\u00e9rience WoW garantie !\",\"breadcrumb\":{\"@id\":\"https:\/\/elexi.fr\/location-tesla-avec-chauffeur-mariage\/#breadcrumb\"},\"inLanguage\":\"pt-BR\",\"potentialAction\":[{\"@type\":\"ReadAction\",\"target\":[\"https:\/\/elexi.fr\/location-tesla-avec-chauffeur-mariage\/\"]}]},{\"@type\":\"BreadcrumbList\",\"@id\":\"https:\/\/elexi.fr\/location-tesla-avec-chauffeur-mariage\/#breadcrumb\",\"itemListElement\":[{\"@type\":\"ListItem\",\"position\":1,\"name\":\"Accueil\",\"item\":\"https:\/\/elexi.fr\/\"},{\"@type\":\"ListItem\",\"position\":2,\"name\":\"Location voiture Mariage en Tesla\"}]}]}<\/script>\n<!-- \/ Yoast SEO plugin. -->","yoast_head_json":{"title":"Location voiture mariage Tesla chauffeur - Paris, Bordeaux, Lyon, Marseille","description":"Location de voiture Tesla pour votre mariage, un chauffeur professionnel vous accompagnera le jour J. Une exp\u00e9rience WoW garantie !","robots":{"index":"index","follow":"follow","max-snippet":"max-snippet:-1","max-image-preview":"max-image-preview:large","max-video-preview":"max-video-preview:-1"},"canonical":"https:\/\/elexi.fr\/location-tesla-avec-chauffeur-mariage\/","og_locale":"pt_BR","og_type":"article","og_title":"Location voiture mariage Tesla chauffeur - Paris, Bordeaux, Lyon, Marseille","og_description":"Location de voiture Tesla pour votre mariage, un chauffeur professionnel vous accompagnera le jour J. Une exp\u00e9rience WoW garantie !","og_url":"https:\/\/elexi.fr\/location-tesla-avec-chauffeur-mariage\/","og_site_name":"Elexi","article_publisher":"https:\/\/www.facebook.com\/elexi.bdx\/","article_modified_time":"2023-07-18T19:42:33+00:00","og_image":[{"url":"https:\/\/elexi.fr\/wp-content\/uploads\/2020\/12\/img.003.jpeg"}],"twitter_misc":{"Est. tempo de leitura":"5 minutos"},"schema":{"@context":"https:\/\/schema.org","@graph":[{"@type":"Organization","@id":"https:\/\/elexi.fr\/#organization","name":"Elexi","url":"https:\/\/elexi.fr\/","sameAs":["https:\/\/www.facebook.com\/elexi.bdx\/","https:\/\/instagram.com\/elexi.travel.event","https:\/\/www.linkedin.com\/company\/11209084\/"],"logo":{"@type":"ImageObject","@id":"https:\/\/elexi.fr\/#logo","inLanguage":"pt-BR","url":"https:\/\/elexi.fr\/wp-content\/uploads\/2020\/02\/Elexi-blanc.png","contentUrl":"https:\/\/elexi.fr\/wp-content\/uploads\/2020\/02\/Elexi-blanc.png","width":4213,"height":1538,"caption":"Elexi"},"image":{"@id":"https:\/\/elexi.fr\/#logo"}},{"@type":"WebSite","@id":"https:\/\/elexi.fr\/#website","url":"https:\/\/elexi.fr\/","name":"Elexi","description":"Agences d&#039;\u00e9co-mobilit\u00e9","publisher":{"@id":"https:\/\/elexi.fr\/#organization"},"potentialAction":[{"@type":"SearchAction","target":{"@type":"EntryPoint","urlTemplate":"https:\/\/elexi.fr\/?s={search_term_string}"},"query-input":"required name=search_term_string"}],"inLanguage":"pt-BR"},{"@type":"ImageObject","@id":"https:\/\/elexi.fr\/location-tesla-avec-chauffeur-mariage\/#primaryimage","inLanguage":"pt-BR","url":"https:\/\/elexi.fr\/wp-content\/uploads\/2020\/12\/img.003.jpeg","contentUrl":"https:\/\/elexi.fr\/wp-content\/uploads\/2020\/12\/img.003.jpeg","width":600,"height":600},{"@type":"WebPage","@id":"https:\/\/elexi.fr\/location-tesla-avec-chauffeur-mariage\/#webpage","url":"https:\/\/elexi.fr\/location-tesla-avec-chauffeur-mariage\/","name":"Location voiture mariage Tesla chauffeur - Paris, Bordeaux, Lyon, Marseille","isPartOf":{"@id":"https:\/\/elexi.fr\/#website"},"primaryImageOfPage":{"@id":"https:\/\/elexi.fr\/location-tesla-avec-chauffeur-mariage\/#primaryimage"},"datePublished":"2020-03-03T18:20:24+00:00","dateModified":"2023-07-18T19:42:33+00:00","description":"Location de voiture Tesla pour votre mariage, un chauffeur professionnel vous accompagnera le jour J. Une exp\u00e9rience WoW garantie !","breadcrumb":{"@id":"https:\/\/elexi.fr\/location-tesla-avec-chauffeur-mariage\/#breadcrumb"},"inLanguage":"pt-BR","potentialAction":[{"@type":"ReadAction","target":["https:\/\/elexi.fr\/location-tesla-avec-chauffeur-mariage\/"]}]},{"@type":"BreadcrumbList","@id":"https:\/\/elexi.fr\/location-tesla-avec-chauffeur-mariage\/#breadcrumb","itemListElement":[{"@type":"ListItem","position":1,"name":"Accueil","item":"https:\/\/elexi.fr\/"},{"@type":"ListItem","position":2,"name":"Location voiture Mariage en Tesla"}]}]}},"_links":{"self":[{"href":"https:\/\/elexi.fr\/pt\/wp-json\/wp\/v2\/pages\/220"}],"collection":[{"href":"https:\/\/elexi.fr\/pt\/wp-json\/wp\/v2\/pages"}],"about":[{"href":"https:\/\/elexi.fr\/pt\/wp-json\/wp\/v2\/types\/page"}],"author":[{"embeddable":true,"href":"https:\/\/elexi.fr\/pt\/wp-json\/wp\/v2\/users\/1"}],"replies":[{"embeddable":true,"href":"https:\/\/elexi.fr\/pt\/wp-json\/wp\/v2\/comments?post=220"}],"version-history":[{"count":53,"href":"https:\/\/elexi.fr\/pt\/wp-json\/wp\/v2\/pages\/220\/revisions"}],"predecessor-version":[{"id":1117,"href":"https:\/\/elexi.fr\/pt\/wp-json\/wp\/v2\/pages\/220\/revisions\/1117"}],"wp:attachment":[{"href":"https:\/\/elexi.fr\/pt\/wp-json\/wp\/v2\/media?parent=220"}],"curies":[{"name":"wp","href":"https:\/\/api.w.org\/{rel}","templated":true}]}}