{"id":95,"date":"2020-02-29T23:04:54","date_gmt":"2020-02-29T22:04:54","guid":{"rendered":"https:\/\/elexi.fr\/?page_id=95"},"modified":"2025-01-15T16:10:57","modified_gmt":"2025-01-15T15:10:57","slug":"contact","status":"publish","type":"page","link":"https:\/\/elexi.fr\/es\/accueil\/contact\/","title":{"rendered":"Contacto"},"content":{"rendered":"<h3>\n\t\t\t\t\u00bfAlgo que decir o preguntar? Cont\u00e1ctanos.\n\t\t\t<\/h3>\n\t\t<p>Respuesta media en una hora en horas de trabajo.&nbsp;<\/p>\n<p>Sinon appelez Alain au 07 54 35 52 72 pour l&rsquo;\u00e9v\u00e8nementiel et mariages.<\/p>\n\t<h3>\n\t\t\t\t&#8211;\n\t\t\t<\/h3>\n\t\tNous op\u00e9rons les services 24h\/24 et 7j\/7.<br>\nLe service client vous r\u00e9pond de 4h \u00e0 23h, 7j\/7","protected":false},"excerpt":{"rendered":"<p>Un message ? Contactez-nous R\u00e9ponse moyenne sous 1 heure en heure ouvrable.&nbsp; Sinon appelez Alain au 07 54 35 52 72 pour l&rsquo;\u00e9v\u00e8nementiel et mariages. &#8211; Nous op\u00e9rons les services 24h\/24 et 7j\/7. Le service client vous r\u00e9pond de 4h \u00e0 23h, 7j\/7<\/p>","protected":false},"author":1,"featured_media":0,"parent":39,"menu_order":0,"comment_status":"closed","ping_status":"closed","template":"","meta":{"_monsterinsights_skip_tracking":false,"_monsterinsights_sitenote_active":false,"_monsterinsights_sitenote_note":"","_monsterinsights_sitenote_category":0},"yoast_head":"<!-- This site is optimized with the Yoast SEO plugin v17.8 - https:\/\/yoast.com\/wordpress\/plugins\/seo\/ -->\n<title>Contact &ndash; Elexi<\/title>\n<meta name=\"robots\" content=\"noindex, nofollow\" \/>\n<meta property=\"og:locale\" content=\"es_ES\" \/>\n<meta property=\"og:type\" content=\"article\" \/>\n<meta property=\"og:title\" content=\"Contact &ndash; Elexi\" \/>\n<meta property=\"og:description\" content=\"Un message ? Contactez-nous R\u00e9ponse moyenne sous 1 heure en heure ouvrable.&nbsp; Sinon appelez Alain au 07 54 35 52 72 pour l&rsquo;\u00e9v\u00e8nementiel et mariages. &#8211; Nous op\u00e9rons les services 24h\/24 et 7j\/7. Le service client vous r\u00e9pond de 4h \u00e0 23h, 7j\/7\" \/>\n<meta property=\"og:url\" content=\"https:\/\/elexi.fr\/accueil\/contact\/\" \/>\n<meta property=\"og:site_name\" content=\"Elexi\" \/>\n<meta property=\"article:publisher\" content=\"https:\/\/www.facebook.com\/elexi.bdx\/\" \/>\n<meta property=\"article:modified_time\" content=\"2025-01-15T15:10:57+00:00\" \/>\n<meta name=\"twitter:label1\" content=\"Tiempo de lectura\" \/>\n\t<meta name=\"twitter:data1\" content=\"1 minuto\" \/>\n<script type=\"application\/ld+json\" class=\"yoast-schema-graph\">{\"@context\":\"https:\/\/schema.org\",\"@graph\":[{\"@type\":\"Organization\",\"@id\":\"https:\/\/elexi.fr\/#organization\",\"name\":\"Elexi\",\"url\":\"https:\/\/elexi.fr\/\",\"sameAs\":[\"https:\/\/www.facebook.com\/elexi.bdx\/\",\"https:\/\/instagram.com\/elexi.travel.event\",\"https:\/\/www.linkedin.com\/company\/11209084\/\"],\"logo\":{\"@type\":\"ImageObject\",\"@id\":\"https:\/\/elexi.fr\/#logo\",\"inLanguage\":\"es\",\"url\":\"https:\/\/elexi.fr\/wp-content\/uploads\/2020\/02\/Elexi-blanc.png\",\"contentUrl\":\"https:\/\/elexi.fr\/wp-content\/uploads\/2020\/02\/Elexi-blanc.png\",\"width\":4213,\"height\":1538,\"caption\":\"Elexi\"},\"image\":{\"@id\":\"https:\/\/elexi.fr\/#logo\"}},{\"@type\":\"WebSite\",\"@id\":\"https:\/\/elexi.fr\/#website\",\"url\":\"https:\/\/elexi.fr\/\",\"name\":\"Elexi\",\"description\":\"Agences d&#039;\\u00e9co-mobilit\\u00e9\",\"publisher\":{\"@id\":\"https:\/\/elexi.fr\/#organization\"},\"potentialAction\":[{\"@type\":\"SearchAction\",\"target\":{\"@type\":\"EntryPoint\",\"urlTemplate\":\"https:\/\/elexi.fr\/?s={search_term_string}\"},\"query-input\":\"required name=search_term_string\"}],\"inLanguage\":\"es\"},{\"@type\":\"WebPage\",\"@id\":\"https:\/\/elexi.fr\/accueil\/contact\/#webpage\",\"url\":\"https:\/\/elexi.fr\/accueil\/contact\/\",\"name\":\"Contact &ndash; Elexi\",\"isPartOf\":{\"@id\":\"https:\/\/elexi.fr\/#website\"},\"datePublished\":\"2020-02-29T22:04:54+00:00\",\"dateModified\":\"2025-01-15T15:10:57+00:00\",\"breadcrumb\":{\"@id\":\"https:\/\/elexi.fr\/accueil\/contact\/#breadcrumb\"},\"inLanguage\":\"es\",\"potentialAction\":[{\"@type\":\"ReadAction\",\"target\":[\"https:\/\/elexi.fr\/accueil\/contact\/\"]}]},{\"@type\":\"BreadcrumbList\",\"@id\":\"https:\/\/elexi.fr\/accueil\/contact\/#breadcrumb\",\"itemListElement\":[{\"@type\":\"ListItem\",\"position\":1,\"name\":\"Accueil\",\"item\":\"https:\/\/elexi.fr\/\"},{\"@type\":\"ListItem\",\"position\":2,\"name\":\"Accueil\",\"item\":\"https:\/\/elexi.fr\/\"},{\"@type\":\"ListItem\",\"position\":3,\"name\":\"Contact\"}]}]}<\/script>\n<!-- \/ Yoast SEO plugin. -->","yoast_head_json":{"title":"Contact &ndash; Elexi","robots":{"index":"noindex","follow":"nofollow"},"og_locale":"es_ES","og_type":"article","og_title":"Contact &ndash; Elexi","og_description":"Un message ? Contactez-nous R\u00e9ponse moyenne sous 1 heure en heure ouvrable.&nbsp; Sinon appelez Alain au 07 54 35 52 72 pour l&rsquo;\u00e9v\u00e8nementiel et mariages. &#8211; Nous op\u00e9rons les services 24h\/24 et 7j\/7. Le service client vous r\u00e9pond de 4h \u00e0 23h, 7j\/7","og_url":"https:\/\/elexi.fr\/accueil\/contact\/","og_site_name":"Elexi","article_publisher":"https:\/\/www.facebook.com\/elexi.bdx\/","article_modified_time":"2025-01-15T15:10:57+00:00","twitter_misc":{"Tiempo de lectura":"1 minuto"},"schema":{"@context":"https:\/\/schema.org","@graph":[{"@type":"Organization","@id":"https:\/\/elexi.fr\/#organization","name":"Elexi","url":"https:\/\/elexi.fr\/","sameAs":["https:\/\/www.facebook.com\/elexi.bdx\/","https:\/\/instagram.com\/elexi.travel.event","https:\/\/www.linkedin.com\/company\/11209084\/"],"logo":{"@type":"ImageObject","@id":"https:\/\/elexi.fr\/#logo","inLanguage":"es","url":"https:\/\/elexi.fr\/wp-content\/uploads\/2020\/02\/Elexi-blanc.png","contentUrl":"https:\/\/elexi.fr\/wp-content\/uploads\/2020\/02\/Elexi-blanc.png","width":4213,"height":1538,"caption":"Elexi"},"image":{"@id":"https:\/\/elexi.fr\/#logo"}},{"@type":"WebSite","@id":"https:\/\/elexi.fr\/#website","url":"https:\/\/elexi.fr\/","name":"Elexi","description":"Agences d&#039;\u00e9co-mobilit\u00e9","publisher":{"@id":"https:\/\/elexi.fr\/#organization"},"potentialAction":[{"@type":"SearchAction","target":{"@type":"EntryPoint","urlTemplate":"https:\/\/elexi.fr\/?s={search_term_string}"},"query-input":"required name=search_term_string"}],"inLanguage":"es"},{"@type":"WebPage","@id":"https:\/\/elexi.fr\/accueil\/contact\/#webpage","url":"https:\/\/elexi.fr\/accueil\/contact\/","name":"Contact &ndash; Elexi","isPartOf":{"@id":"https:\/\/elexi.fr\/#website"},"datePublished":"2020-02-29T22:04:54+00:00","dateModified":"2025-01-15T15:10:57+00:00","breadcrumb":{"@id":"https:\/\/elexi.fr\/accueil\/contact\/#breadcrumb"},"inLanguage":"es","potentialAction":[{"@type":"ReadAction","target":["https:\/\/elexi.fr\/accueil\/contact\/"]}]},{"@type":"BreadcrumbList","@id":"https:\/\/elexi.fr\/accueil\/contact\/#breadcrumb","itemListElement":[{"@type":"ListItem","position":1,"name":"Accueil","item":"https:\/\/elexi.fr\/"},{"@type":"ListItem","position":2,"name":"Accueil","item":"https:\/\/elexi.fr\/"},{"@type":"ListItem","position":3,"name":"Contact"}]}]}},"_links":{"self":[{"href":"https:\/\/elexi.fr\/es\/wp-json\/wp\/v2\/pages\/95"}],"collection":[{"href":"https:\/\/elexi.fr\/es\/wp-json\/wp\/v2\/pages"}],"about":[{"href":"https:\/\/elexi.fr\/es\/wp-json\/wp\/v2\/types\/page"}],"author":[{"embeddable":true,"href":"https:\/\/elexi.fr\/es\/wp-json\/wp\/v2\/users\/1"}],"replies":[{"embeddable":true,"href":"https:\/\/elexi.fr\/es\/wp-json\/wp\/v2\/comments?post=95"}],"version-history":[{"count":15,"href":"https:\/\/elexi.fr\/es\/wp-json\/wp\/v2\/pages\/95\/revisions"}],"predecessor-version":[{"id":1137,"href":"https:\/\/elexi.fr\/es\/wp-json\/wp\/v2\/pages\/95\/revisions\/1137"}],"up":[{"embeddable":true,"href":"https:\/\/elexi.fr\/es\/wp-json\/wp\/v2\/pages\/39"}],"wp:attachment":[{"href":"https:\/\/elexi.fr\/es\/wp-json\/wp\/v2\/media?parent=95"}],"curies":[{"name":"wp","href":"https:\/\/api.w.org\/{rel}","templated":true}]}}