{"id":83,"date":"2020-02-29T21:54:19","date_gmt":"2020-02-29T20:54:19","guid":{"rendered":"https:\/\/elexi.fr\/?page_id=83"},"modified":"2023-06-15T23:05:50","modified_gmt":"2023-06-15T21:05:50","slug":"a-propos","status":"publish","type":"page","link":"https:\/\/elexi.fr\/es\/a-propos\/","title":{"rendered":"Eco-movilidad"},"content":{"rendered":"<h1>\n\t\t\t\tL&rsquo;\u00c9CO-MOBILIT\u00c9\n\t\t\t<\/h1>\n\t<h1>\n\t\t\t\tL&rsquo;\u00c9CO-MOBILIT\u00c9\n\t\t\t<\/h1>\n\t\t<p>Elexi est une marque synonyme de label d&rsquo;un service de mobilit\u00e9 \u00e9co-responsable.\u00a0<\/p>\t\n\t<h3>\n\t\t\t\tLe v\u00e9hicule \u00e9lectrique\n\t\t\t<\/h3>\n\t\t<p>Depuis 2017, nous avons acquis une expertise sur l\u2019utilisation et la gestion du v\u00e9hicule \u00e9lectrique. Ainsi sur une flotte d\u2019une vingtaine de v\u00e9hicules, nous optimisons les temps d\u2019utilisation et de recharge pour assurer nos op\u00e9rations quotidiennes. N\u2019h\u00e9sitez pas \u00e0 nous consulter pour la gestion dans votre flotte ou le passage \u00e0 l\u2019\u00e9lectrique. Nous pouvons vous conseiller dans votre transformation vers une flotte plus \u00e9cologique.<\/p>\t\n\t<h3>\n\t\t\t\tLes enjeux de demain\n\t\t\t<\/h3>\n\t\t<p>Les 10 prochaines ann\u00e9es sont d\u00e9cisives sur l\u2019<a href=\"http:\/\/www.fondation-nature-homme.org\">avenir \u00e9cologique de notre plan\u00e8te<\/a>. Le transport est la cause majeure d&rsquo;\u00e9missions de CO2 et de particules fines dans l\u2019air, <a href=\"\/es\/_wp_link_placeholder\/\" data-wplink-edit=\"true\">notre mod\u00e8le et notre expertise de l\u2019utilisation du v\u00e9hicule \u00e9lectrique<\/a>\u00a0\u00e0 grande \u00e9chelle nous permettront de participer \u00e0 l&rsquo;enrayement cette tendance.<\/p>\t\n\t\t\t\t<img src=\"https:\/\/elexi.fr\/wp-content\/uploads\/2020\/03\/background-\u00e9co-mobilit\u00e9.png\" alt=\"background \u00e9co-mobilit\u00e9\" title=\"background \u00e9co-mobilit\u00e9\" itemprop=\"image\"\/>\n\t<h3>\n\t\t\t\tNos engagements\n\t\t\t<\/h3>\n\t\t<p>Elexi est n\u00e9 d\u2019une v\u00e9ritable volont\u00e9 d\u2019accompagner la transition \u00e9cologique dans le secteur du transport de personnes. Notre marque est aujourd\u2019hui la premi\u00e8re agence d\u2019\u00e9co-mobilit\u00e9 en France proposant une offre compl\u00e8te \u00e0 360\u00b0. Avec nous, vous pouvez <a href=\"https:\/\/elexi.fr\/es\/taxista-franca\/\">prendre un taxi<\/a>, faire un <a href=\"\/es\/_wp_link_placeholder\/\" data-wplink-edit=\"true\">circuit touristique<\/a>, vous marier, avoir des chauffeurs \u00e0 disposition pour vos \u00e9v\u00e8nements dans un mod\u00e8le toujours respectueux de l\u2019environnement.<\/p>","protected":false},"excerpt":{"rendered":"<p>L&rsquo;\u00c9CO-MOBILIT\u00c9 L&rsquo;\u00c9CO-MOBILIT\u00c9 Elexi est une marque synonyme de label d&rsquo;un service de mobilit\u00e9 \u00e9co-responsable.\u00a0 Le v\u00e9hicule \u00e9lectrique Depuis 2017, nous avons acquis une expertise sur l\u2019utilisation et la gestion du v\u00e9hicule \u00e9lectrique. Ainsi sur une flotte d\u2019une vingtaine de v\u00e9hicules, nous optimisons les temps d\u2019utilisation et de recharge pour assurer nos op\u00e9rations quotidiennes. N\u2019h\u00e9sitez pas &hellip;<\/p>\n<p class=\"read-more\"> <a class=\"\" href=\"https:\/\/elexi.fr\/es\/a-propos\/\"> <span class=\"screen-reader-text\">Eco-movilidad<\/span> Leer m\u00e1s &raquo;<\/a><\/p>","protected":false},"author":1,"featured_media":0,"parent":0,"menu_order":0,"comment_status":"closed","ping_status":"closed","template":"","meta":{"_monsterinsights_skip_tracking":false,"_monsterinsights_sitenote_active":false,"_monsterinsights_sitenote_note":"","_monsterinsights_sitenote_category":0},"yoast_head":"<!-- This site is optimized with the Yoast SEO plugin v17.8 - https:\/\/yoast.com\/wordpress\/plugins\/seo\/ -->\n<title>L&#039;\u00e9co-mobilit\u00e9 en France se porte mieux avec Elexi et ses 6 \u00e9co-services<\/title>\n<meta name=\"description\" content=\"Comment Elexi propose d&#039;acc\u00e9l\u00e9rer l&#039;\u00e9co-mobilit\u00e9 dans le transport de personnes avec ces 6 services d&#039;\u00e9co-mobilit\u00e9 : taxi &amp; compagnie\" \/>\n<meta name=\"robots\" content=\"index, follow, max-snippet:-1, max-image-preview:large, max-video-preview:-1\" \/>\n<link rel=\"canonical\" href=\"https:\/\/elexi.fr\/a-propos\/\" \/>\n<meta property=\"og:locale\" content=\"es_ES\" \/>\n<meta property=\"og:type\" content=\"article\" \/>\n<meta property=\"og:title\" content=\"L&#039;\u00e9co-mobilit\u00e9 en France se porte mieux avec Elexi et ses 6 \u00e9co-services\" \/>\n<meta property=\"og:description\" content=\"Comment Elexi propose d&#039;acc\u00e9l\u00e9rer l&#039;\u00e9co-mobilit\u00e9 dans le transport de personnes avec ces 6 services d&#039;\u00e9co-mobilit\u00e9 : taxi &amp; compagnie\" \/>\n<meta property=\"og:url\" content=\"https:\/\/elexi.fr\/a-propos\/\" \/>\n<meta property=\"og:site_name\" content=\"Elexi\" \/>\n<meta property=\"article:publisher\" content=\"https:\/\/www.facebook.com\/elexi.bdx\/\" \/>\n<meta property=\"article:modified_time\" content=\"2023-06-15T21:05:50+00:00\" \/>\n<meta property=\"og:image\" content=\"https:\/\/elexi.fr\/wp-content\/uploads\/2020\/03\/background-\u00e9co-mobilit\u00e9.png\" \/>\n<meta name=\"twitter:label1\" content=\"Tiempo de lectura\" \/>\n\t<meta name=\"twitter:data1\" content=\"2 minutos\" \/>\n<script type=\"application\/ld+json\" class=\"yoast-schema-graph\">{\"@context\":\"https:\/\/schema.org\",\"@graph\":[{\"@type\":\"Organization\",\"@id\":\"https:\/\/elexi.fr\/#organization\",\"name\":\"Elexi\",\"url\":\"https:\/\/elexi.fr\/\",\"sameAs\":[\"https:\/\/www.facebook.com\/elexi.bdx\/\",\"https:\/\/instagram.com\/elexi.travel.event\",\"https:\/\/www.linkedin.com\/company\/11209084\/\"],\"logo\":{\"@type\":\"ImageObject\",\"@id\":\"https:\/\/elexi.fr\/#logo\",\"inLanguage\":\"es\",\"url\":\"https:\/\/elexi.fr\/wp-content\/uploads\/2020\/02\/Elexi-blanc.png\",\"contentUrl\":\"https:\/\/elexi.fr\/wp-content\/uploads\/2020\/02\/Elexi-blanc.png\",\"width\":4213,\"height\":1538,\"caption\":\"Elexi\"},\"image\":{\"@id\":\"https:\/\/elexi.fr\/#logo\"}},{\"@type\":\"WebSite\",\"@id\":\"https:\/\/elexi.fr\/#website\",\"url\":\"https:\/\/elexi.fr\/\",\"name\":\"Elexi\",\"description\":\"Agences d&#039;\\u00e9co-mobilit\\u00e9\",\"publisher\":{\"@id\":\"https:\/\/elexi.fr\/#organization\"},\"potentialAction\":[{\"@type\":\"SearchAction\",\"target\":{\"@type\":\"EntryPoint\",\"urlTemplate\":\"https:\/\/elexi.fr\/?s={search_term_string}\"},\"query-input\":\"required name=search_term_string\"}],\"inLanguage\":\"es\"},{\"@type\":\"ImageObject\",\"@id\":\"https:\/\/elexi.fr\/a-propos\/#primaryimage\",\"inLanguage\":\"es\",\"url\":\"https:\/\/elexi.fr\/wp-content\/uploads\/2020\/03\/background-\\u00e9co-mobilit\\u00e9.png\",\"contentUrl\":\"https:\/\/elexi.fr\/wp-content\/uploads\/2020\/03\/background-\\u00e9co-mobilit\\u00e9.png\",\"width\":1920,\"height\":754},{\"@type\":\"WebPage\",\"@id\":\"https:\/\/elexi.fr\/a-propos\/#webpage\",\"url\":\"https:\/\/elexi.fr\/a-propos\/\",\"name\":\"L'\\u00e9co-mobilit\\u00e9 en France se porte mieux avec Elexi et ses 6 \\u00e9co-services\",\"isPartOf\":{\"@id\":\"https:\/\/elexi.fr\/#website\"},\"primaryImageOfPage\":{\"@id\":\"https:\/\/elexi.fr\/a-propos\/#primaryimage\"},\"datePublished\":\"2020-02-29T20:54:19+00:00\",\"dateModified\":\"2023-06-15T21:05:50+00:00\",\"description\":\"Comment Elexi propose d'acc\\u00e9l\\u00e9rer l'\\u00e9co-mobilit\\u00e9 dans le transport de personnes avec ces 6 services d'\\u00e9co-mobilit\\u00e9 : taxi & compagnie\",\"breadcrumb\":{\"@id\":\"https:\/\/elexi.fr\/a-propos\/#breadcrumb\"},\"inLanguage\":\"es\",\"potentialAction\":[{\"@type\":\"ReadAction\",\"target\":[\"https:\/\/elexi.fr\/a-propos\/\"]}]},{\"@type\":\"BreadcrumbList\",\"@id\":\"https:\/\/elexi.fr\/a-propos\/#breadcrumb\",\"itemListElement\":[{\"@type\":\"ListItem\",\"position\":1,\"name\":\"Accueil\",\"item\":\"https:\/\/elexi.fr\/\"},{\"@type\":\"ListItem\",\"position\":2,\"name\":\"\\u00c9co-mobilit\\u00e9\"}]}]}<\/script>\n<!-- \/ Yoast SEO plugin. -->","yoast_head_json":{"title":"L'\u00e9co-mobilit\u00e9 en France se porte mieux avec Elexi et ses 6 \u00e9co-services","description":"Comment Elexi propose d'acc\u00e9l\u00e9rer l'\u00e9co-mobilit\u00e9 dans le transport de personnes avec ces 6 services d'\u00e9co-mobilit\u00e9 : taxi & compagnie","robots":{"index":"index","follow":"follow","max-snippet":"max-snippet:-1","max-image-preview":"max-image-preview:large","max-video-preview":"max-video-preview:-1"},"canonical":"https:\/\/elexi.fr\/a-propos\/","og_locale":"es_ES","og_type":"article","og_title":"L'\u00e9co-mobilit\u00e9 en France se porte mieux avec Elexi et ses 6 \u00e9co-services","og_description":"Comment Elexi propose d'acc\u00e9l\u00e9rer l'\u00e9co-mobilit\u00e9 dans le transport de personnes avec ces 6 services d'\u00e9co-mobilit\u00e9 : taxi & compagnie","og_url":"https:\/\/elexi.fr\/a-propos\/","og_site_name":"Elexi","article_publisher":"https:\/\/www.facebook.com\/elexi.bdx\/","article_modified_time":"2023-06-15T21:05:50+00:00","og_image":[{"url":"https:\/\/elexi.fr\/wp-content\/uploads\/2020\/03\/background-\u00e9co-mobilit\u00e9.png"}],"twitter_misc":{"Tiempo de lectura":"2 minutos"},"schema":{"@context":"https:\/\/schema.org","@graph":[{"@type":"Organization","@id":"https:\/\/elexi.fr\/#organization","name":"Elexi","url":"https:\/\/elexi.fr\/","sameAs":["https:\/\/www.facebook.com\/elexi.bdx\/","https:\/\/instagram.com\/elexi.travel.event","https:\/\/www.linkedin.com\/company\/11209084\/"],"logo":{"@type":"ImageObject","@id":"https:\/\/elexi.fr\/#logo","inLanguage":"es","url":"https:\/\/elexi.fr\/wp-content\/uploads\/2020\/02\/Elexi-blanc.png","contentUrl":"https:\/\/elexi.fr\/wp-content\/uploads\/2020\/02\/Elexi-blanc.png","width":4213,"height":1538,"caption":"Elexi"},"image":{"@id":"https:\/\/elexi.fr\/#logo"}},{"@type":"WebSite","@id":"https:\/\/elexi.fr\/#website","url":"https:\/\/elexi.fr\/","name":"Elexi","description":"Agences d&#039;\u00e9co-mobilit\u00e9","publisher":{"@id":"https:\/\/elexi.fr\/#organization"},"potentialAction":[{"@type":"SearchAction","target":{"@type":"EntryPoint","urlTemplate":"https:\/\/elexi.fr\/?s={search_term_string}"},"query-input":"required name=search_term_string"}],"inLanguage":"es"},{"@type":"ImageObject","@id":"https:\/\/elexi.fr\/a-propos\/#primaryimage","inLanguage":"es","url":"https:\/\/elexi.fr\/wp-content\/uploads\/2020\/03\/background-\u00e9co-mobilit\u00e9.png","contentUrl":"https:\/\/elexi.fr\/wp-content\/uploads\/2020\/03\/background-\u00e9co-mobilit\u00e9.png","width":1920,"height":754},{"@type":"WebPage","@id":"https:\/\/elexi.fr\/a-propos\/#webpage","url":"https:\/\/elexi.fr\/a-propos\/","name":"L'\u00e9co-mobilit\u00e9 en France se porte mieux avec Elexi et ses 6 \u00e9co-services","isPartOf":{"@id":"https:\/\/elexi.fr\/#website"},"primaryImageOfPage":{"@id":"https:\/\/elexi.fr\/a-propos\/#primaryimage"},"datePublished":"2020-02-29T20:54:19+00:00","dateModified":"2023-06-15T21:05:50+00:00","description":"Comment Elexi propose d'acc\u00e9l\u00e9rer l'\u00e9co-mobilit\u00e9 dans le transport de personnes avec ces 6 services d'\u00e9co-mobilit\u00e9 : taxi & compagnie","breadcrumb":{"@id":"https:\/\/elexi.fr\/a-propos\/#breadcrumb"},"inLanguage":"es","potentialAction":[{"@type":"ReadAction","target":["https:\/\/elexi.fr\/a-propos\/"]}]},{"@type":"BreadcrumbList","@id":"https:\/\/elexi.fr\/a-propos\/#breadcrumb","itemListElement":[{"@type":"ListItem","position":1,"name":"Accueil","item":"https:\/\/elexi.fr\/"},{"@type":"ListItem","position":2,"name":"\u00c9co-mobilit\u00e9"}]}]}},"_links":{"self":[{"href":"https:\/\/elexi.fr\/es\/wp-json\/wp\/v2\/pages\/83"}],"collection":[{"href":"https:\/\/elexi.fr\/es\/wp-json\/wp\/v2\/pages"}],"about":[{"href":"https:\/\/elexi.fr\/es\/wp-json\/wp\/v2\/types\/page"}],"author":[{"embeddable":true,"href":"https:\/\/elexi.fr\/es\/wp-json\/wp\/v2\/users\/1"}],"replies":[{"embeddable":true,"href":"https:\/\/elexi.fr\/es\/wp-json\/wp\/v2\/comments?post=83"}],"version-history":[{"count":9,"href":"https:\/\/elexi.fr\/es\/wp-json\/wp\/v2\/pages\/83\/revisions"}],"predecessor-version":[{"id":1108,"href":"https:\/\/elexi.fr\/es\/wp-json\/wp\/v2\/pages\/83\/revisions\/1108"}],"wp:attachment":[{"href":"https:\/\/elexi.fr\/es\/wp-json\/wp\/v2\/media?parent=83"}],"curies":[{"name":"wp","href":"https:\/\/api.w.org\/{rel}","templated":true}]}}