{"id":63,"date":"2020-02-29T21:36:48","date_gmt":"2020-02-29T20:36:48","guid":{"rendered":"https:\/\/elexi.fr\/?page_id=63"},"modified":"2023-07-18T22:33:52","modified_gmt":"2023-07-18T20:33:52","slug":"marque-elexi","status":"publish","type":"page","link":"https:\/\/elexi.fr\/es\/marque-elexi\/","title":{"rendered":"La marca Elexi"},"content":{"rendered":"<h1>\n\t\t\t\tMARQUE ELEXI\n\t\t\t<\/h1>\n\t<h1>\n\t\t\t\tMARQUE ELEXI\n\t\t\t<\/h1>\n\t\t<p>Elexi est une marque synonyme de label d&rsquo;un service de mobilit\u00e9 \u00e9co-responsable.\u00a0<\/p>\t\n\t<h3>\n\t\t\t\tNotre histoire\n\t\t\t<\/h3>\n\t\tElexi est n\u00e9 en 2017 suite \u00e0 la vision du fils du premier chauffeur de taxi en v\u00e9hicule \u00e9lectrique \u00e0 Bordeaux. Le mod\u00e8le soci\u00e9tal s\u2019est voulu d\u00e8s le d\u00e9part durable, partant du constat que rouler en \u00e9lectrique se faisait peu pour le transport de personnes.<br \/>\nRepris en 2023 par deux associ\u00e9s taxi, Elexi se veut \u00eatre une marque forte offrant des services uniques sur Bordeaux, Paris et toute la France\n\t<h3>\n\t\t\t\tNos objectifs pour une mobilit\u00e9 durable\n\t\t\t<\/h3>\n\t\t<p>Encourag\u00e9 par les clients qui ont afflu\u00e9 d\u00e8s 2018, l\u2019aventure a men\u00e9 toute l&rsquo;\u00e9quipe \u00e0 d\u00e9velopper l&rsquo;activit\u00e9 partout en France pour acc\u00e9l\u00e9rer la transition \u00e9cologique des professionnels et des particuliers en mati\u00e8re de transports. Nous avons pour ambition d\u2019\u00eatre les leaders du transport de personnes \u00e9co-responsable en d\u00e9ployant une offre compl\u00e8te \u00e0 travers la France.<\/p>\n\t<h3>\n\t\t\t\tD\u00e9veloppement \u00e0 toute la France\n\t\t\t<\/h3>\n\t\t<p>Vous souhaitez oeuvrer et avoir un impact fort dans la transition \u00e9cologique li\u00e9e au transports ? Elexi est d\u00e9velopp\u00e9 \u00e0 l\u2019\u00e9chelle nationale et souhaite parfaire son maillage dans des grandes villes. 2023 sera RSE, les entreprises, les h\u00f4tels et les agences de voyages le disent alors rejoignez-nous pour r\u00e9pondre \u00e0 cette mouvance en pleine croissance.<\/p>\n\t\t\t\t<img src=\"https:\/\/elexi.fr\/wp-content\/uploads\/2020\/03\/background-la-marque.png\" alt=\"background la marque\" title=\"background la marque\" itemprop=\"image\"\/>\n\t<h3>\n\t\t\t\t\u00c9co-responsable\n\t\t\t<\/h3>\n\t\t<p>Aujourd\u2019hui, nos v\u00e9hicules sont \u00e9lectriques mais plus tard ils seront peut \u00eatre \u00e0 hydrog\u00e8ne ou fonctionnant avec une autre \u00e9nergie. Nous ne suivons pas une technologie mais une mouvance, notre objectif est de rendre le transport de personne le plus propre possible dans un contexte o\u00f9 la plan\u00e8te en a plus que jamais besoin.<\/p>\t\n\t<h3>\n\t\t\t\tExcellence\n\t\t\t<\/h3>\n\t\t<p>Nous pouvons \u00eatre le service le plus eco-friendly si nos chauffeurs ne sont ni \u00e0 l\u2019heure, ni au bon endroit, alors vous n\u2019en voudrez pas. Elexi investi son temps et ses efforts pour vous apporter une exp\u00e9rience op\u00e9rationnelle fluide et claire. Avec nos partenaires locaux, nous cr\u00e9ons un lien humain et sommes \u00e0 l\u2019\u00e9coute, rien de pire que de ne pas savoir \u00e0 qui s\u2019adresser pour r\u00e9gler un probl\u00e8me.<\/p>\n\t<h3>\n\t\t\t\tModerne\n\t\t\t<\/h3>\n\t\t<p>Le logiciel de r\u00e9servation de courses en ligne que nous utilisons vous permet de commander, modifier, annuler et tracker votre chauffeur d\u2019un simple clic. De notre c\u00f4t\u00e9, nous avons ainsi une vision globale de nos op\u00e9rations et pouvons optimiser les plannings de nos chauffeurs au plus fin. <a href=\"https:\/\/nebulea.eu\/driver\">Nebulea<\/a> est au c\u0153ur de notre strat\u00e9gie, nous permettant d&rsquo;\u00eatre efficace et nous focaliser sur la plus-valeur pour nos clients.<\/p>","protected":false},"excerpt":{"rendered":"<p>MARQUE ELEXI MARQUE ELEXI Elexi est une marque synonyme de label d&rsquo;un service de mobilit\u00e9 \u00e9co-responsable.\u00a0 Notre histoire Elexi est n\u00e9 en 2017 suite \u00e0 la vision du fils du premier chauffeur de taxi en v\u00e9hicule \u00e9lectrique \u00e0 Bordeaux. Le mod\u00e8le soci\u00e9tal s\u2019est voulu d\u00e8s le d\u00e9part durable, partant du constat que rouler en \u00e9lectrique &hellip;<\/p>\n<p class=\"read-more\"> <a class=\"\" href=\"https:\/\/elexi.fr\/es\/marque-elexi\/\"> <span class=\"screen-reader-text\">La marca Elexi<\/span> Leer m\u00e1s &raquo;<\/a><\/p>","protected":false},"author":1,"featured_media":0,"parent":0,"menu_order":0,"comment_status":"closed","ping_status":"closed","template":"","meta":{"_monsterinsights_skip_tracking":false,"_monsterinsights_sitenote_active":false,"_monsterinsights_sitenote_note":"","_monsterinsights_sitenote_category":0},"yoast_head":"<!-- This site is optimized with the Yoast SEO plugin v17.8 - https:\/\/yoast.com\/wordpress\/plugins\/seo\/ -->\n<title>Marque Elexi &ndash; Elexi<\/title>\n<meta name=\"robots\" content=\"index, follow, max-snippet:-1, max-image-preview:large, max-video-preview:-1\" \/>\n<link rel=\"canonical\" href=\"https:\/\/elexi.fr\/marque-elexi\/\" \/>\n<meta property=\"og:locale\" content=\"es_ES\" \/>\n<meta property=\"og:type\" content=\"article\" \/>\n<meta property=\"og:title\" content=\"Marque Elexi &ndash; Elexi\" \/>\n<meta property=\"og:description\" content=\"MARQUE ELEXI MARQUE ELEXI Elexi est une marque synonyme de label d&rsquo;un service de mobilit\u00e9 \u00e9co-responsable.\u00a0 Notre histoire Elexi est n\u00e9 en 2017 suite \u00e0 la vision du fils du premier chauffeur de taxi en v\u00e9hicule \u00e9lectrique \u00e0 Bordeaux. Le mod\u00e8le soci\u00e9tal s\u2019est voulu d\u00e8s le d\u00e9part durable, partant du constat que rouler en \u00e9lectrique &hellip; Marque Elexi Leer m\u00e1s &raquo;\" \/>\n<meta property=\"og:url\" content=\"https:\/\/elexi.fr\/marque-elexi\/\" \/>\n<meta property=\"og:site_name\" content=\"Elexi\" \/>\n<meta property=\"article:publisher\" content=\"https:\/\/www.facebook.com\/elexi.bdx\/\" \/>\n<meta property=\"article:modified_time\" content=\"2023-07-18T20:33:52+00:00\" \/>\n<meta property=\"og:image\" content=\"https:\/\/elexi.fr\/wp-content\/uploads\/2020\/03\/background-la-marque.png\" \/>\n<meta name=\"twitter:label1\" content=\"Tiempo de lectura\" \/>\n\t<meta name=\"twitter:data1\" content=\"2 minutos\" \/>\n<script type=\"application\/ld+json\" class=\"yoast-schema-graph\">{\"@context\":\"https:\/\/schema.org\",\"@graph\":[{\"@type\":\"Organization\",\"@id\":\"https:\/\/elexi.fr\/#organization\",\"name\":\"Elexi\",\"url\":\"https:\/\/elexi.fr\/\",\"sameAs\":[\"https:\/\/www.facebook.com\/elexi.bdx\/\",\"https:\/\/instagram.com\/elexi.travel.event\",\"https:\/\/www.linkedin.com\/company\/11209084\/\"],\"logo\":{\"@type\":\"ImageObject\",\"@id\":\"https:\/\/elexi.fr\/#logo\",\"inLanguage\":\"es\",\"url\":\"https:\/\/elexi.fr\/wp-content\/uploads\/2020\/02\/Elexi-blanc.png\",\"contentUrl\":\"https:\/\/elexi.fr\/wp-content\/uploads\/2020\/02\/Elexi-blanc.png\",\"width\":4213,\"height\":1538,\"caption\":\"Elexi\"},\"image\":{\"@id\":\"https:\/\/elexi.fr\/#logo\"}},{\"@type\":\"WebSite\",\"@id\":\"https:\/\/elexi.fr\/#website\",\"url\":\"https:\/\/elexi.fr\/\",\"name\":\"Elexi\",\"description\":\"Agences d&#039;\\u00e9co-mobilit\\u00e9\",\"publisher\":{\"@id\":\"https:\/\/elexi.fr\/#organization\"},\"potentialAction\":[{\"@type\":\"SearchAction\",\"target\":{\"@type\":\"EntryPoint\",\"urlTemplate\":\"https:\/\/elexi.fr\/?s={search_term_string}\"},\"query-input\":\"required name=search_term_string\"}],\"inLanguage\":\"es\"},{\"@type\":\"ImageObject\",\"@id\":\"https:\/\/elexi.fr\/marque-elexi\/#primaryimage\",\"inLanguage\":\"es\",\"url\":\"https:\/\/elexi.fr\/wp-content\/uploads\/2020\/03\/background-la-marque.png\",\"contentUrl\":\"https:\/\/elexi.fr\/wp-content\/uploads\/2020\/03\/background-la-marque.png\",\"width\":1920,\"height\":883},{\"@type\":\"WebPage\",\"@id\":\"https:\/\/elexi.fr\/marque-elexi\/#webpage\",\"url\":\"https:\/\/elexi.fr\/marque-elexi\/\",\"name\":\"Marque Elexi &ndash; Elexi\",\"isPartOf\":{\"@id\":\"https:\/\/elexi.fr\/#website\"},\"primaryImageOfPage\":{\"@id\":\"https:\/\/elexi.fr\/marque-elexi\/#primaryimage\"},\"datePublished\":\"2020-02-29T20:36:48+00:00\",\"dateModified\":\"2023-07-18T20:33:52+00:00\",\"breadcrumb\":{\"@id\":\"https:\/\/elexi.fr\/marque-elexi\/#breadcrumb\"},\"inLanguage\":\"es\",\"potentialAction\":[{\"@type\":\"ReadAction\",\"target\":[\"https:\/\/elexi.fr\/marque-elexi\/\"]}]},{\"@type\":\"BreadcrumbList\",\"@id\":\"https:\/\/elexi.fr\/marque-elexi\/#breadcrumb\",\"itemListElement\":[{\"@type\":\"ListItem\",\"position\":1,\"name\":\"Accueil\",\"item\":\"https:\/\/elexi.fr\/\"},{\"@type\":\"ListItem\",\"position\":2,\"name\":\"Marque Elexi\"}]}]}<\/script>\n<!-- \/ Yoast SEO plugin. -->","yoast_head_json":{"title":"Marque Elexi &ndash; Elexi","robots":{"index":"index","follow":"follow","max-snippet":"max-snippet:-1","max-image-preview":"max-image-preview:large","max-video-preview":"max-video-preview:-1"},"canonical":"https:\/\/elexi.fr\/marque-elexi\/","og_locale":"es_ES","og_type":"article","og_title":"Marque Elexi &ndash; Elexi","og_description":"MARQUE ELEXI MARQUE ELEXI Elexi est une marque synonyme de label d&rsquo;un service de mobilit\u00e9 \u00e9co-responsable.\u00a0 Notre histoire Elexi est n\u00e9 en 2017 suite \u00e0 la vision du fils du premier chauffeur de taxi en v\u00e9hicule \u00e9lectrique \u00e0 Bordeaux. Le mod\u00e8le soci\u00e9tal s\u2019est voulu d\u00e8s le d\u00e9part durable, partant du constat que rouler en \u00e9lectrique &hellip; Marque Elexi Leer m\u00e1s &raquo;","og_url":"https:\/\/elexi.fr\/marque-elexi\/","og_site_name":"Elexi","article_publisher":"https:\/\/www.facebook.com\/elexi.bdx\/","article_modified_time":"2023-07-18T20:33:52+00:00","og_image":[{"url":"https:\/\/elexi.fr\/wp-content\/uploads\/2020\/03\/background-la-marque.png"}],"twitter_misc":{"Tiempo de lectura":"2 minutos"},"schema":{"@context":"https:\/\/schema.org","@graph":[{"@type":"Organization","@id":"https:\/\/elexi.fr\/#organization","name":"Elexi","url":"https:\/\/elexi.fr\/","sameAs":["https:\/\/www.facebook.com\/elexi.bdx\/","https:\/\/instagram.com\/elexi.travel.event","https:\/\/www.linkedin.com\/company\/11209084\/"],"logo":{"@type":"ImageObject","@id":"https:\/\/elexi.fr\/#logo","inLanguage":"es","url":"https:\/\/elexi.fr\/wp-content\/uploads\/2020\/02\/Elexi-blanc.png","contentUrl":"https:\/\/elexi.fr\/wp-content\/uploads\/2020\/02\/Elexi-blanc.png","width":4213,"height":1538,"caption":"Elexi"},"image":{"@id":"https:\/\/elexi.fr\/#logo"}},{"@type":"WebSite","@id":"https:\/\/elexi.fr\/#website","url":"https:\/\/elexi.fr\/","name":"Elexi","description":"Agences d&#039;\u00e9co-mobilit\u00e9","publisher":{"@id":"https:\/\/elexi.fr\/#organization"},"potentialAction":[{"@type":"SearchAction","target":{"@type":"EntryPoint","urlTemplate":"https:\/\/elexi.fr\/?s={search_term_string}"},"query-input":"required name=search_term_string"}],"inLanguage":"es"},{"@type":"ImageObject","@id":"https:\/\/elexi.fr\/marque-elexi\/#primaryimage","inLanguage":"es","url":"https:\/\/elexi.fr\/wp-content\/uploads\/2020\/03\/background-la-marque.png","contentUrl":"https:\/\/elexi.fr\/wp-content\/uploads\/2020\/03\/background-la-marque.png","width":1920,"height":883},{"@type":"WebPage","@id":"https:\/\/elexi.fr\/marque-elexi\/#webpage","url":"https:\/\/elexi.fr\/marque-elexi\/","name":"Marque Elexi &ndash; Elexi","isPartOf":{"@id":"https:\/\/elexi.fr\/#website"},"primaryImageOfPage":{"@id":"https:\/\/elexi.fr\/marque-elexi\/#primaryimage"},"datePublished":"2020-02-29T20:36:48+00:00","dateModified":"2023-07-18T20:33:52+00:00","breadcrumb":{"@id":"https:\/\/elexi.fr\/marque-elexi\/#breadcrumb"},"inLanguage":"es","potentialAction":[{"@type":"ReadAction","target":["https:\/\/elexi.fr\/marque-elexi\/"]}]},{"@type":"BreadcrumbList","@id":"https:\/\/elexi.fr\/marque-elexi\/#breadcrumb","itemListElement":[{"@type":"ListItem","position":1,"name":"Accueil","item":"https:\/\/elexi.fr\/"},{"@type":"ListItem","position":2,"name":"Marque Elexi"}]}]}},"_links":{"self":[{"href":"https:\/\/elexi.fr\/es\/wp-json\/wp\/v2\/pages\/63"}],"collection":[{"href":"https:\/\/elexi.fr\/es\/wp-json\/wp\/v2\/pages"}],"about":[{"href":"https:\/\/elexi.fr\/es\/wp-json\/wp\/v2\/types\/page"}],"author":[{"embeddable":true,"href":"https:\/\/elexi.fr\/es\/wp-json\/wp\/v2\/users\/1"}],"replies":[{"embeddable":true,"href":"https:\/\/elexi.fr\/es\/wp-json\/wp\/v2\/comments?post=63"}],"version-history":[{"count":8,"href":"https:\/\/elexi.fr\/es\/wp-json\/wp\/v2\/pages\/63\/revisions"}],"predecessor-version":[{"id":1121,"href":"https:\/\/elexi.fr\/es\/wp-json\/wp\/v2\/pages\/63\/revisions\/1121"}],"wp:attachment":[{"href":"https:\/\/elexi.fr\/es\/wp-json\/wp\/v2\/media?parent=63"}],"curies":[{"name":"wp","href":"https:\/\/api.w.org\/{rel}","templated":true}]}}