{"id":238,"date":"2020-03-03T21:13:53","date_gmt":"2020-03-03T20:13:53","guid":{"rendered":"https:\/\/elexi.fr\/?page_id=238"},"modified":"2022-10-06T08:58:03","modified_gmt":"2022-10-06T06:58:03","slug":"circuit-touristique-vignobles-chateaux-france","status":"publish","type":"page","link":"https:\/\/elexi.fr\/es\/wine-tour-car-service-francia\/","title":{"rendered":"Tour del vino con un Tesla"},"content":{"rendered":"<iframe title=\"Wine Tour Bordeaux, Champagne Tour, Paris Tour with Tesla car\" width=\"500\" height=\"281\" src=\"https:\/\/www.youtube.com\/embed\/-hZ2DHrK5a4?feature=oembed\" frameborder=\"0\" allow=\"accelerometer; autoplay; encrypted-media; gyroscope; picture-in-picture\" allowfullscreen><\/iframe>\n\t<h2>\n\t\t\t\tTURISMO DEL VINO\n\t\t\t<\/h2>\n\t<h2>\n\t\t\t\tTURISMO DEL VINO\n\t\t\t<\/h2>\n\t\t<h1>Vivez une exp\u00e9rience unique en Tesla accompagn\u00e9s d&rsquo;un guide touristique le temps d&rsquo;une journ\u00e9e ou plus \u00e0 la d\u00e9couverte de la France, de Bordeaux \u00e0 Paris en passant par la Loire et la Champagne.<\/h1>\t\n\t\t\t<a href=\"#booking\" target=\"_self\" role=\"button\" rel=\"noopener\">\n\t\t\t\t\t\t\tReserva\n\t\t<\/a>\n\t<h3>\n\t\t\t\tNos destinations\n\t\t\t<\/h3>\n\t\t<p><a href=\"https:\/\/elexi.fr\/es\/journee-saint-emilion\/\"><strong>Saint-\u00c9milion<\/strong><\/a> | <a href=\"https:\/\/elexi.fr\/es\/journee-medoc\/\"><strong>M\u00e9doc<\/strong><\/a> | Sauternes | <a href=\"https:\/\/elexi.fr\/es\/transfert-bordeaux-arcachon\/\"><strong>Arcachon<\/strong><\/a> | Cognac | <a href=\"https:\/\/elexi.fr\/es\/bordeaux-wine-tour\/\"><strong>Bordeaux<\/strong><\/a> | <a href=\"https:\/\/elexi.fr\/es\/journee-a-giverny-depuis-paris\/\"><strong>Jardin de Giverny<\/strong><\/a> | <a href=\"https:\/\/elexi.fr\/es\/chauffeur-prive-paris-versailles\/\"><strong>Versailles<\/strong><\/a> | French Riviera | Loire Valley | <a href=\"https:\/\/elexi.fr\/es\/journee-champagne-paris\/\"><strong>Champagne<\/strong><\/a><\/p>\n\t<h2>\n\t\t\t\tInformaci\u00f3n\/Presupuesto\n\t\t\t<\/h2>\n\t\t<p>Respuesta garantizada en una hora.\n\t\t\t<a href=\"https:\/\/nebulea.eu\/forms\/61d52f428f092b2dab23d1bb\" target=\"_self\" role=\"button\" rel=\"noopener\">\n\t\t\t\t\t\t\tAsk a quote\n\t\t<\/a>\n\t\t\t\t<img src=\"https:\/\/elexi.fr\/wp-content\/uploads\/2022\/01\/Diapositive1-min.jpeg\" alt=\"Diapositive1-min\" title=\"Diapositive1-min\" itemprop=\"image\"\/>\n\t\t\t\t<img src=\"https:\/\/elexi.fr\/wp-content\/uploads\/2022\/01\/Diapositive2-min.jpeg\" alt=\"Diapositive2-min\" title=\"Diapositive2-min\" itemprop=\"image\"\/>\n\t\t\t\t<img src=\"https:\/\/elexi.fr\/wp-content\/uploads\/2022\/01\/Diapositive3-min.jpeg\" alt=\"Diapositive3-min\" title=\"Diapositive3-min\" itemprop=\"image\"\/>\n\t\t\t\t<img src=\"https:\/\/elexi.fr\/wp-content\/uploads\/2022\/01\/Diapositive4-min.jpeg\" alt=\"Diapositive4-min\" title=\"Diapositive4-min\" itemprop=\"image\"\/>\n\t\t\t<h3>Viajes lujosos y ecol\u00f3gicos, \u00a1ahora compatibles!<\/h3>\t\t\t\n\t\t\t\tFaites le choix d&rsquo;un professionnel pour vous accompagner avant et pendant votre s\u00e9jour sur l&rsquo;une de nos destinations :<br \/>\nBordeaux, Cognac, Saint-\u00c9milion, M\u00e9doc, Champagne, Loire\n\t\t\t\t<img src=\"https:\/\/elexi.fr\/wp-content\/uploads\/2020\/03\/Arbre-1.png\" alt=\"Arbre\" itemprop=\"image\" title=\"Arbre\" onerror=\"this.style.display='none'\"  \/>\n\t\t\t\t<img src=\"https:\/\/elexi.fr\/wp-content\/uploads\/2020\/03\/Arbre-1.png\" alt=\"Arbre\" itemprop=\"image\" title=\"Arbre\" onerror=\"this.style.display='none'\"  \/>\n\t\t\t\t<img src=\"https:\/\/elexi.fr\/wp-content\/uploads\/2020\/03\/Arbre-1.png\" alt=\"Arbre\" itemprop=\"image\" title=\"Arbre\" onerror=\"this.style.display='none'\"  \/>\n\t<p>Voyager \u00e0 bord d&rsquo;une Tesla, c&rsquo;est faire le choix du minimalisme et du confort ultime que propose la marque. Tesla a su cr\u00e9er une <a href=\"https:\/\/elexi.fr\/es\/chauffeur-prive-tesla\/\">exp\u00e9rience unique<\/a> en tout point. <a href=\"https:\/\/elexi.fr\/es\/marque-elexi\/\">Elexi<\/a> vous propose de la tenter pendant vos d\u00e9gustations de vins ou s\u00e9jours \u00e0 Bordeaux et en France !<\/p>\n\t<p>Nuestros gu\u00edas profesionales tienen muchos a\u00f1os de experiencia y le ayudar\u00e1n a descubrir los secretos de sus regiones. Verdaderos entusiastas que le transmitir\u00e1n sus conocimientos durante la visita y la degustaci\u00f3n de vinos en Burdeos y en otros lugares.<\/p>\n\t<p>Ofrecemos acompa\u00f1amiento y gu\u00eda durante sus visitas y degustaciones en ingl\u00e9s, alem\u00e1n, espa\u00f1ol, portugu\u00e9s y chino. Aproveche nuestra experiencia para ideas de castillos, vi\u00f1edos, restaurantes a visitar.<\/p>\n\t\t\t<a href=\"https:\/\/nebulea.eu\/forms\/61d52f428f092b2dab23d1bb\" target=\"_self\" role=\"button\" rel=\"noopener\">\n\t\t\t\t\t\t\tReserva\n\t\t<\/a>\n\t<h2>\n\t\t\t\tLes destinations d&rsquo;exception\n\t\t\t<\/h2>\n\t\t<p>Servicio de coche para el tour del vino con un Tesla y un conductor\/gu\u00eda para un d\u00eda o m\u00e1s.<\/p>\t\n\t<h2>\n\t\t\t\tPrix &#038; Suggestions\n\t\t\t<\/h2>\n\t\t<p>D\u00e9jese inspirar por los magn\u00edficos destinos franceses, hechos a medida y con citas r\u00e1pidas.<\/p>\t\n\t<h6>\n\t\t\t\tEl precio incluye el IVA, incluyendo el coche y el conductor, desde\n\t\t\t<\/h6>\n\t\t\t\t<table>\n\t\t\t\t\t<thead>\n\t\t\t\t\t\t\t\t\t\t\t\t\t\t<tr>\n\t\t\t\t\t\t\t\t\t\t\t\t\t\t\t<th rowspan=\"1\" colspan=\"\" >\n\t\t\t\t\t\t\t\t\t\t Tesla \n\t\t\t\t\t\t\t\t\t\t\t\t\t\t\t\t\t<\/th> \n\t\t\t\t\t\t\t\t\t\t\t\t\t\t<th rowspan=\"\" colspan=\"\" >\n\t\t\t\t\t\t\t\t\t\t 4 horas \n\t\t\t\t\t\t\t\t\t\t\t\t\t\t\t\t\t<\/th> \n\t\t\t\t\t\t\t\t\t\t\t\t\t\t<th rowspan=\"\" colspan=\"\" >\n\t\t\t\t\t\t\t\t\t\t 8 horas \n\t\t\t\t\t\t\t\t\t\t\t\t\t\t\t\t\t<\/th> \n\t\t\t\t\t\t\t\t\t\t\t<\/thead>\n\t\t\t\t\t<tbody>\n\t\t\t\t\t\t\t\t\t\t\t\t\t\t\t<tr> \n\t\t\t\t\t\t\t\t\t\t\t\t\t\t\t\t\t\t\t\t<td colspan=\"\" rowspan=\"\"> \n\t\t\t\t\t\t\t\t\t\t\t\t\t\t\t\t\t\t\t\t\t\t\t Model X \n\t\t\t\t\t\t\t\t\t\t\t\t\t\t\t\t\t\t\t\t\t\t\t<\/td>\n\t\t\t\t\t\t\t\t\t\t\t\t\t\t\t\t<td colspan=\"\" rowspan=\"\"> \n\t\t\t\t\t\t\t\t\t\t\t\t\t\t\t\t\t\t\t\t\t\t\t 440 \u20ac \n\t\t\t\t\t\t\t\t\t\t\t\t\t\t\t\t\t\t\t\t\t\t\t<\/td>\n\t\t\t\t\t\t\t\t\t\t\t\t\t\t\t\t<td colspan=\"\" rowspan=\"\"> \n\t\t\t\t\t\t\t\t\t\t\t\t\t\t\t\t\t\t\t\t\t\t\t 640 \u20ac \n\t\t\t\t\t\t\t\t\t\t\t\t\t\t\t\t\t\t\t\t\t\t\t<\/td>\n\t\t\t\t\t\t\t\t\t\t\t\t\t\t\t<tr> \n\t\t\t\t\t\t\t\t\t\t\t\t\t\t\t\t\t\t\t\t<td colspan=\"\" rowspan=\"\"> \n\t\t\t\t\t\t\t\t\t\t\t\t\t\t\t\t\t\t\t\t\t\t\t Model S \n\t\t\t\t\t\t\t\t\t\t\t\t\t\t\t\t\t\t\t\t\t\t\t<\/td>\n\t\t\t\t\t\t\t\t\t\t\t\t\t\t\t\t<td colspan=\"\" rowspan=\"\"> \n\t\t\t\t\t\t\t\t\t\t\t\t\t\t\t\t\t\t\t\t\t\t\t 330 \u20ac  \n\t\t\t\t\t\t\t\t\t\t\t\t\t\t\t\t\t\t\t\t\t\t\t<\/td>\n\t\t\t\t\t\t\t\t\t\t\t\t\t\t\t\t<td colspan=\"\" rowspan=\"\"> \n\t\t\t\t\t\t\t\t\t\t\t\t\t\t\t\t\t\t\t\t\t\t\t 590 \u20ac  \n\t\t\t\t\t\t\t\t\t\t\t\t\t\t\t\t\t\t\t\t\t\t\t<\/td>\n\t\t\t\t\t\t\t\t\t\t\t\t\t\t\t<tr> \n\t\t\t\t\t\t\t\t\t\t\t\t\t\t\t\t\t\t\t\t<td colspan=\"\" rowspan=\"\"> \n\t\t\t\t\t\t\t\t\t\t\t\t\t\t\t\t\t\t\t\t\t\t\t Model 3 \n\t\t\t\t\t\t\t\t\t\t\t\t\t\t\t\t\t\t\t\t\t\t\t<\/td>\n\t\t\t\t\t\t\t\t\t\t\t\t\t\t\t\t<td colspan=\"\" rowspan=\"\"> \n\t\t\t\t\t\t\t\t\t\t\t\t\t\t\t\t\t\t\t\t\t\t\t 330 \u20ac  \n\t\t\t\t\t\t\t\t\t\t\t\t\t\t\t\t\t\t\t\t\t\t\t<\/td>\n\t\t\t\t\t\t\t\t\t\t\t\t\t\t\t\t<td colspan=\"\" rowspan=\"\"> \n\t\t\t\t\t\t\t\t\t\t\t\t\t\t\t\t\t\t\t\t\t\t\t 590 \u20ac  \n\t\t\t\t\t\t\t\t\t\t\t\t\t\t\t\t\t\t\t\t\t\t\t<\/td>\n\t\t\t\t\t\t\t\t\t\t\t\t\t\t\t<tr> \n\t\t\t\t\t\t\t\t\t\t\t\t\t\t\t\t\t\t\t\t<td colspan=\"\" rowspan=\"\"> \n\t\t\t\t\t\t\t\t\t\t\t\t\t\t\t\t\t\t\t\t\t\t\t Mercedes Class V \n\t\t\t\t\t\t\t\t\t\t\t\t\t\t\t\t\t\t\t\t\t\t\t<\/td>\n\t\t\t\t\t\t\t\t\t\t\t\t\t\t\t\t<td colspan=\"\" rowspan=\"\"> \n\t\t\t\t\t\t\t\t\t\t\t\t\t\t\t\t\t\t\t\t\t\t\t 440 \u20ac  \n\t\t\t\t\t\t\t\t\t\t\t\t\t\t\t\t\t\t\t\t\t\t\t<\/td>\n\t\t\t\t\t\t\t\t\t\t\t\t\t\t\t\t<td colspan=\"\" rowspan=\"\"> \n\t\t\t\t\t\t\t\t\t\t\t\t\t\t\t\t\t\t\t\t\t\t\t 590 \u20ac  \n\t\t\t\t\t\t\t\t\t\t\t\t\t\t\t\t\t\t\t\t\t\t\t<\/td>\n\t\t\t\t\t\t\t\t\t\t\t<\/tbody>\n\t\t\t\t<\/table>\n\t<h3>\n\t\t\t\tDescargue nuestras sugerencias de viaje\n\t\t\t<\/h3>\n\t\t\t<a href=\"https:\/\/nebulea.eu\/forms\/61d52f428f092b2dab23d1bb\" target=\"_blank\" rel=\"noopener\" role=\"button\">\n\t\t\t\t\t\t\tAsk a quote\n\t\t<\/a>\n\t\t\t\t<img src=\"https:\/\/elexi.fr\/wp-content\/uploads\/2020\/03\/Arbre-1.png\" alt=\"Arbre\" itemprop=\"image\" title=\"Arbre\" onerror=\"this.style.display='none'\"  \/>\n\t\t\t\t<img src=\"https:\/\/elexi.fr\/wp-content\/uploads\/2020\/03\/Arbre-1.png\" alt=\"Arbre\" itemprop=\"image\" title=\"Arbre\" onerror=\"this.style.display='none'\"  \/>\n\t\t\t\t<img src=\"https:\/\/elexi.fr\/wp-content\/uploads\/2020\/03\/Arbre-1.png\" alt=\"Arbre\" itemprop=\"image\" title=\"Arbre\" onerror=\"this.style.display='none'\"  \/>\n\t\t\t<h3>AGENCIAS DE VIAJES<\/h3>\t\t\t\n\t\t\t\t<p>\u00bfEres un profesional? \u00a1Nosotros tambi\u00e9n! <\/p>\n<ul>\n<li>Una relaci\u00f3n humana<\/li>\n<li>Un contacto privilegiado<\/li>\n<li>Las tarifas de los socios<\/li>\n<li>Seguimiento personalizado<\/li>\n<\/ul>\n<p><a href=\"mailto:booking@elexi.fr\">CONTACTO<\/a><\/p>\n\t\t\t<h3>ADEM\u00c1S<\/h3>\t\t\t\n\t\t\t\t<p>Tenemos una oferta de 360\u00b0 para servirle.<\/p>\n<ul>\n<li>Les<a href=\"https:\/\/elexi.fr\/es\/taxista-franca\/\"> taxis gare\/a\u00e9roport<\/a><\/li>\n<li>La <a href=\"https:\/\/elexi.fr\/es\/location-voiture-electrique-et-tesla\/\">location de voiture<\/a><\/li>\n<li>Les <a href=\"https:\/\/elexi.fr\/es\/bus-van-transport-groupe\/\">bus et vans<\/a> pour les groupes<\/li>\n<li>Nuestros gu\u00edas tur\u00edsticos<\/li>\n<\/ul>\n<p><a href=\"mailto:booking@elexi.fr\">CONTACTO<\/a><\/p>","protected":false},"excerpt":{"rendered":"<p>TOURISME TOURISME Vivez une exp\u00e9rience unique en Tesla accompagn\u00e9s d&rsquo;un guide touristique le temps d&rsquo;une journ\u00e9e ou plus \u00e0 la d\u00e9couverte de la France, de Bordeaux \u00e0 Paris en passant par la Loire et la Champagne. R\u00e9server Nos destinations Saint-\u00c9milion | M\u00e9doc | Sauternes | Arcachon | Cognac | Bordeaux | Jardin de Giverny | &hellip;<\/p>\n<p class=\"read-more\"> <a class=\"\" href=\"https:\/\/elexi.fr\/es\/wine-tour-car-service-francia\/\"> <span class=\"screen-reader-text\">Tour del vino con un Tesla<\/span> Leer m\u00e1s &raquo;<\/a><\/p>","protected":false},"author":1,"featured_media":0,"parent":0,"menu_order":0,"comment_status":"closed","ping_status":"closed","template":"","meta":{"_monsterinsights_skip_tracking":false,"_monsterinsights_sitenote_active":false,"_monsterinsights_sitenote_note":"","_monsterinsights_sitenote_category":0},"yoast_head":"<!-- This site is optimized with the Yoast SEO plugin v17.8 - https:\/\/yoast.com\/wordpress\/plugins\/seo\/ -->\n<title>Circuit touristique dans vignobles et chateaux grands crus class\u00e9s - France<\/title>\n<meta name=\"description\" content=\"\u00c0 Bordeaux &amp; en Champagne, partez pour un tour dans les vignobles et ch\u00e2teaux grands crus class\u00e9s. Profitez d&#039;un guide pour Arcachon, M\u00e9doc et Saint Emilion\" \/>\n<meta name=\"robots\" content=\"index, follow, max-snippet:-1, max-image-preview:large, max-video-preview:-1\" \/>\n<link rel=\"canonical\" href=\"https:\/\/elexi.fr\/circuit-touristique-vignobles-chateaux-france\/\" \/>\n<meta property=\"og:locale\" content=\"es_ES\" \/>\n<meta property=\"og:type\" content=\"article\" \/>\n<meta property=\"og:title\" content=\"Circuit touristique dans vignobles et chateaux grands crus class\u00e9s - France\" \/>\n<meta property=\"og:description\" content=\"\u00c0 Bordeaux &amp; en Champagne, partez pour un tour dans les vignobles et ch\u00e2teaux grands crus class\u00e9s. Profitez d&#039;un guide pour Arcachon, M\u00e9doc et Saint Emilion\" \/>\n<meta property=\"og:url\" content=\"https:\/\/elexi.fr\/circuit-touristique-vignobles-chateaux-france\/\" \/>\n<meta property=\"og:site_name\" content=\"Elexi\" \/>\n<meta property=\"article:publisher\" content=\"https:\/\/www.facebook.com\/elexi.bdx\/\" \/>\n<meta property=\"article:modified_time\" content=\"2022-10-06T06:58:03+00:00\" \/>\n<meta property=\"og:image\" content=\"https:\/\/elexi.fr\/wp-content\/uploads\/2022\/01\/Diapositive1-min.jpeg\" \/>\n<meta name=\"twitter:label1\" content=\"Tiempo de lectura\" \/>\n\t<meta name=\"twitter:data1\" content=\"2 minutos\" \/>\n<script type=\"application\/ld+json\" class=\"yoast-schema-graph\">{\"@context\":\"https:\/\/schema.org\",\"@graph\":[{\"@type\":\"Organization\",\"@id\":\"https:\/\/elexi.fr\/#organization\",\"name\":\"Elexi\",\"url\":\"https:\/\/elexi.fr\/\",\"sameAs\":[\"https:\/\/www.facebook.com\/elexi.bdx\/\",\"https:\/\/instagram.com\/elexi.travel.event\",\"https:\/\/www.linkedin.com\/company\/11209084\/\"],\"logo\":{\"@type\":\"ImageObject\",\"@id\":\"https:\/\/elexi.fr\/#logo\",\"inLanguage\":\"es\",\"url\":\"https:\/\/elexi.fr\/wp-content\/uploads\/2020\/02\/Elexi-blanc.png\",\"contentUrl\":\"https:\/\/elexi.fr\/wp-content\/uploads\/2020\/02\/Elexi-blanc.png\",\"width\":4213,\"height\":1538,\"caption\":\"Elexi\"},\"image\":{\"@id\":\"https:\/\/elexi.fr\/#logo\"}},{\"@type\":\"WebSite\",\"@id\":\"https:\/\/elexi.fr\/#website\",\"url\":\"https:\/\/elexi.fr\/\",\"name\":\"Elexi\",\"description\":\"Agences d&#039;\\u00e9co-mobilit\\u00e9\",\"publisher\":{\"@id\":\"https:\/\/elexi.fr\/#organization\"},\"potentialAction\":[{\"@type\":\"SearchAction\",\"target\":{\"@type\":\"EntryPoint\",\"urlTemplate\":\"https:\/\/elexi.fr\/?s={search_term_string}\"},\"query-input\":\"required name=search_term_string\"}],\"inLanguage\":\"es\"},{\"@type\":\"ImageObject\",\"@id\":\"https:\/\/elexi.fr\/circuit-touristique-vignobles-chateaux-france\/#primaryimage\",\"inLanguage\":\"es\",\"url\":\"https:\/\/elexi.fr\/wp-content\/uploads\/2022\/01\/Diapositive1-min.jpeg\",\"contentUrl\":\"https:\/\/elexi.fr\/wp-content\/uploads\/2022\/01\/Diapositive1-min.jpeg\",\"width\":1633,\"height\":1225},{\"@type\":\"WebPage\",\"@id\":\"https:\/\/elexi.fr\/circuit-touristique-vignobles-chateaux-france\/#webpage\",\"url\":\"https:\/\/elexi.fr\/circuit-touristique-vignobles-chateaux-france\/\",\"name\":\"Circuit touristique dans vignobles et chateaux grands crus class\\u00e9s - France\",\"isPartOf\":{\"@id\":\"https:\/\/elexi.fr\/#website\"},\"primaryImageOfPage\":{\"@id\":\"https:\/\/elexi.fr\/circuit-touristique-vignobles-chateaux-france\/#primaryimage\"},\"datePublished\":\"2020-03-03T20:13:53+00:00\",\"dateModified\":\"2022-10-06T06:58:03+00:00\",\"description\":\"\\u00c0 Bordeaux & en Champagne, partez pour un tour dans les vignobles et ch\\u00e2teaux grands crus class\\u00e9s. Profitez d'un guide pour Arcachon, M\\u00e9doc et Saint Emilion\",\"breadcrumb\":{\"@id\":\"https:\/\/elexi.fr\/circuit-touristique-vignobles-chateaux-france\/#breadcrumb\"},\"inLanguage\":\"es\",\"potentialAction\":[{\"@type\":\"ReadAction\",\"target\":[\"https:\/\/elexi.fr\/circuit-touristique-vignobles-chateaux-france\/\"]}]},{\"@type\":\"BreadcrumbList\",\"@id\":\"https:\/\/elexi.fr\/circuit-touristique-vignobles-chateaux-france\/#breadcrumb\",\"itemListElement\":[{\"@type\":\"ListItem\",\"position\":1,\"name\":\"Accueil\",\"item\":\"https:\/\/elexi.fr\/\"},{\"@type\":\"ListItem\",\"position\":2,\"name\":\"Circuit touristique en Tesla\"}]}]}<\/script>\n<!-- \/ Yoast SEO plugin. -->","yoast_head_json":{"title":"Circuit touristique dans vignobles et chateaux grands crus class\u00e9s - France","description":"\u00c0 Bordeaux & en Champagne, partez pour un tour dans les vignobles et ch\u00e2teaux grands crus class\u00e9s. Profitez d'un guide pour Arcachon, M\u00e9doc et Saint Emilion","robots":{"index":"index","follow":"follow","max-snippet":"max-snippet:-1","max-image-preview":"max-image-preview:large","max-video-preview":"max-video-preview:-1"},"canonical":"https:\/\/elexi.fr\/circuit-touristique-vignobles-chateaux-france\/","og_locale":"es_ES","og_type":"article","og_title":"Circuit touristique dans vignobles et chateaux grands crus class\u00e9s - France","og_description":"\u00c0 Bordeaux & en Champagne, partez pour un tour dans les vignobles et ch\u00e2teaux grands crus class\u00e9s. Profitez d'un guide pour Arcachon, M\u00e9doc et Saint Emilion","og_url":"https:\/\/elexi.fr\/circuit-touristique-vignobles-chateaux-france\/","og_site_name":"Elexi","article_publisher":"https:\/\/www.facebook.com\/elexi.bdx\/","article_modified_time":"2022-10-06T06:58:03+00:00","og_image":[{"url":"https:\/\/elexi.fr\/wp-content\/uploads\/2022\/01\/Diapositive1-min.jpeg"}],"twitter_misc":{"Tiempo de lectura":"2 minutos"},"schema":{"@context":"https:\/\/schema.org","@graph":[{"@type":"Organization","@id":"https:\/\/elexi.fr\/#organization","name":"Elexi","url":"https:\/\/elexi.fr\/","sameAs":["https:\/\/www.facebook.com\/elexi.bdx\/","https:\/\/instagram.com\/elexi.travel.event","https:\/\/www.linkedin.com\/company\/11209084\/"],"logo":{"@type":"ImageObject","@id":"https:\/\/elexi.fr\/#logo","inLanguage":"es","url":"https:\/\/elexi.fr\/wp-content\/uploads\/2020\/02\/Elexi-blanc.png","contentUrl":"https:\/\/elexi.fr\/wp-content\/uploads\/2020\/02\/Elexi-blanc.png","width":4213,"height":1538,"caption":"Elexi"},"image":{"@id":"https:\/\/elexi.fr\/#logo"}},{"@type":"WebSite","@id":"https:\/\/elexi.fr\/#website","url":"https:\/\/elexi.fr\/","name":"Elexi","description":"Agences d&#039;\u00e9co-mobilit\u00e9","publisher":{"@id":"https:\/\/elexi.fr\/#organization"},"potentialAction":[{"@type":"SearchAction","target":{"@type":"EntryPoint","urlTemplate":"https:\/\/elexi.fr\/?s={search_term_string}"},"query-input":"required name=search_term_string"}],"inLanguage":"es"},{"@type":"ImageObject","@id":"https:\/\/elexi.fr\/circuit-touristique-vignobles-chateaux-france\/#primaryimage","inLanguage":"es","url":"https:\/\/elexi.fr\/wp-content\/uploads\/2022\/01\/Diapositive1-min.jpeg","contentUrl":"https:\/\/elexi.fr\/wp-content\/uploads\/2022\/01\/Diapositive1-min.jpeg","width":1633,"height":1225},{"@type":"WebPage","@id":"https:\/\/elexi.fr\/circuit-touristique-vignobles-chateaux-france\/#webpage","url":"https:\/\/elexi.fr\/circuit-touristique-vignobles-chateaux-france\/","name":"Circuit touristique dans vignobles et chateaux grands crus class\u00e9s - France","isPartOf":{"@id":"https:\/\/elexi.fr\/#website"},"primaryImageOfPage":{"@id":"https:\/\/elexi.fr\/circuit-touristique-vignobles-chateaux-france\/#primaryimage"},"datePublished":"2020-03-03T20:13:53+00:00","dateModified":"2022-10-06T06:58:03+00:00","description":"\u00c0 Bordeaux & en Champagne, partez pour un tour dans les vignobles et ch\u00e2teaux grands crus class\u00e9s. Profitez d'un guide pour Arcachon, M\u00e9doc et Saint Emilion","breadcrumb":{"@id":"https:\/\/elexi.fr\/circuit-touristique-vignobles-chateaux-france\/#breadcrumb"},"inLanguage":"es","potentialAction":[{"@type":"ReadAction","target":["https:\/\/elexi.fr\/circuit-touristique-vignobles-chateaux-france\/"]}]},{"@type":"BreadcrumbList","@id":"https:\/\/elexi.fr\/circuit-touristique-vignobles-chateaux-france\/#breadcrumb","itemListElement":[{"@type":"ListItem","position":1,"name":"Accueil","item":"https:\/\/elexi.fr\/"},{"@type":"ListItem","position":2,"name":"Circuit touristique en Tesla"}]}]}},"_links":{"self":[{"href":"https:\/\/elexi.fr\/es\/wp-json\/wp\/v2\/pages\/238"}],"collection":[{"href":"https:\/\/elexi.fr\/es\/wp-json\/wp\/v2\/pages"}],"about":[{"href":"https:\/\/elexi.fr\/es\/wp-json\/wp\/v2\/types\/page"}],"author":[{"embeddable":true,"href":"https:\/\/elexi.fr\/es\/wp-json\/wp\/v2\/users\/1"}],"replies":[{"embeddable":true,"href":"https:\/\/elexi.fr\/es\/wp-json\/wp\/v2\/comments?post=238"}],"version-history":[{"count":24,"href":"https:\/\/elexi.fr\/es\/wp-json\/wp\/v2\/pages\/238\/revisions"}],"predecessor-version":[{"id":1088,"href":"https:\/\/elexi.fr\/es\/wp-json\/wp\/v2\/pages\/238\/revisions\/1088"}],"wp:attachment":[{"href":"https:\/\/elexi.fr\/es\/wp-json\/wp\/v2\/media?parent=238"}],"curies":[{"name":"wp","href":"https:\/\/api.w.org\/{rel}","templated":true}]}}