{"id":216,"date":"2020-03-03T19:09:52","date_gmt":"2020-03-03T18:09:52","guid":{"rendered":"https:\/\/elexi.fr\/?page_id=216"},"modified":"2020-04-04T15:44:22","modified_gmt":"2020-04-04T13:44:22","slug":"chauffeur-prive-tesla","status":"publish","type":"page","link":"https:\/\/elexi.fr\/es\/chauffeur-prive-tesla\/","title":{"rendered":"Conductor privado con un Tesla"},"content":{"rendered":"<img src=\"https:\/\/elexi.fr\/wp-content\/uploads\/2020\/03\/Voitures-Tesla-Model-X.png\" alt=\"Chauffeur VIP pour d\u00e9placement professionnel et taxi trajet longue distance en France, \u00e0 paris, Lyon, marseille, Toulouse, Bordeaux, Lille, Strasbourg et Nantes\" title=\"Voitures - Tesla Model X\" itemprop=\"image\"  \/>\n\t<h2>\n\t\t\t\tCHAUFFEUR PRIV\u00c9\n\t\t\t<\/h2>\n\t<h2>\n\t\t\t\tCHAUFFEUR PRIV\u00c9\n\t\t\t<\/h2>\n\t\t<h1>Un chauffeur priv\u00e9 VIP pour une prestation haut-de-gamme en Tesla. Chauffeur priv\u00e9 Tesla pour transfert et mise \u00e0 disposition dans un v\u00e9hicule luxueux. Alliez chic et \u00e9l\u00e9gance.\u00a0<\/h1>\t\n\t\t\t<a href=\"https:\/\/elexi.fr\/es\/booking\/#vip\" target=\"_blank\" rel=\"noopener noreferrer\" role=\"button\">\n\t\t\t\t\t\t\tReserva\n\t\t<\/a>\n\t<h3>\n\t\t\t\tNos transferts haut-de-gamme en Tesla les plus fr\u00e9quents\n\t\t\t<\/h3>\n\t\t<p><a href=\"https:\/\/elexi.fr\/es\/transfert-paris\/\">Paris A\u00e9roport &#8211; Paris<\/a> | <a href=\"https:\/\/elexi.fr\/es\/transfert-aeroport-disneyland\/\">Paris A\u00e9roport &#8211; Disneyland<\/a> | <a href=\"https:\/\/elexi.fr\/es\/transfert-bordeaux-arcachon\/\">Bordeaux &#8211; Arcachon<\/a> | <a href=\"https:\/\/elexi.fr\/es\/chauffeur-prive-bordeaux-saint-emilion\/\">Bordeaux &#8211; Saint-\u00c9milion<\/a> | Marseille &#8211; Nice &#8211; Riviera<\/p>\n\t\t\t> Voir nos id\u00e9es de transferts en Tesla <\t\t\t\t\n\t\t\t\t\t\t<ul id=\"menu-elexi-driver-vip\"><li id=\"menu-item-563\"><a href=\"https:\/\/elexi.fr\/es\/transfert-bordeaux-arcachon\/\">Chauffeur priv\u00e9 de Bordeaux \u00e0 Arcachon<\/a><\/li>\n<li id=\"menu-item-565\"><a href=\"https:\/\/elexi.fr\/es\/chauffeur-prive-de-paris-a-giverny\/\">Chauffeur priv\u00e9 de Paris \u00e0 Giverny<\/a><\/li>\n<li id=\"menu-item-586\"><a href=\"https:\/\/elexi.fr\/es\/chauffeur-prive-bordeaux-saint-emilion\/\">Chauffeur priv\u00e9 de Bordeaux \u00e0 Saint Emilion<\/a><\/li>\n<li id=\"menu-item-605\"><a href=\"https:\/\/elexi.fr\/es\/chauffeur-prive-paris-mont-saint-michel\/\">Chauffeur priv\u00e9 de Paris au Mont Saint Michel<\/a><\/li>\n<li id=\"menu-item-587\"><a href=\"https:\/\/elexi.fr\/es\/chauffeur-prive-paris-versailles\/\">Chauffeur priv\u00e9 de Paris \u00e0 Versailles<\/a><\/li>\n<li id=\"menu-item-604\"><a href=\"https:\/\/elexi.fr\/es\/chauffeur-prive-paris-reims-champagne\/\">Chauffeur priv\u00e9 de Paris \u00e0 Reims &#038; Champagne<\/a><\/li>\n<li id=\"menu-item-566\"><a href=\"https:\/\/elexi.fr\/es\/transfert-aeroport-disneyland\/\">Transferts A\u00e9roport de Paris \u2013 Disneyland<\/a><\/li>\n<li id=\"menu-item-564\"><a href=\"https:\/\/elexi.fr\/es\/transfert-paris-bordeaux\/\">Chauffeur priv\u00e9 de Paris \u00e0 Bordeaux<\/a><\/li>\n<li id=\"menu-item-562\"><a href=\"https:\/\/elexi.fr\/es\/transfert-paris\/\">Chauffeur priv\u00e9 \u00e0 Paris en Tesla<\/a><\/li>\n<\/ul>\t\t\n\t\t\t<h3>Chauffeur priv\u00e9 et voiture luxueuse : Elexi le fait en Tesla<\/h3>\t\t\t\n\t\t\t\t<p>D\u00e9placez-vous depuis ou vers l&rsquo;a\u00e9roport \/ gare en Tesla avec chauffeur priv\u00e9.<br \/>Attente offerte : 30 min aux gares et 60 min aux a\u00e9roports<\/p>\n\t\t\t\t<img src=\"https:\/\/elexi.fr\/wp-content\/uploads\/2020\/03\/Arbre-1.png\" alt=\"Arbre\" itemprop=\"image\" title=\"Arbre\" onerror=\"this.style.display='none'\"  \/>\n\t\t\t\t<img src=\"https:\/\/elexi.fr\/wp-content\/uploads\/2020\/03\/Arbre-1.png\" alt=\"Arbre\" itemprop=\"image\" title=\"Arbre\" onerror=\"this.style.display='none'\"  \/>\n\t\t\t\t<img src=\"https:\/\/elexi.fr\/wp-content\/uploads\/2020\/03\/Arbre-1.png\" alt=\"Arbre\" itemprop=\"image\" title=\"Arbre\" onerror=\"this.style.display='none'\"  \/>\n\t<p>Se d\u00e9placer \u00e0 bord d&rsquo;une Tesla, c&rsquo;est faire le choix du minimalisme et du confort ultime que propose la marque. Tesla a su cr\u00e9er une exp\u00e9rience unique en tout point. Elexi la propose avec un <strong>chauffeur priv\u00e9 professionnel<\/strong>.<\/p>\n\t<p>Nos <strong>chauffeurs et chauffeurs de ma\u00eetre<\/strong> se distinguent par leur \u00e9l\u00e9gance, en costume cravate. A bord, le confort est au rendez-vous : bouteille d&rsquo;eau, friandise, wifi, &#8230;<\/p>\n\t<p>Pour des <strong>d\u00e9placements professionnels<\/strong>, <strong>s\u00e9minaire<\/strong>, <strong>voyage d&rsquo;affaire<\/strong>, <strong>congr\u00e8s<\/strong>, rendez-vous d&rsquo;affaires, Elexi propose une solution ad\u00e9quate aux professionnels et sur-mesure.<\/p>\n\t\t\t<a href=\"https:\/\/elexi.fr\/es\/booking\/#vip\" target=\"_blank\" rel=\"noopener noreferrer\" role=\"button\">\n\t\t\t\t\t\t\tReserva\n\t\t<\/a>\n\t\t\t\t<img src=\"https:\/\/elexi.fr\/wp-content\/uploads\/2020\/02\/Chaine-normale.png\" alt=\"Chaine_horizontale\" title=\"Chaine_horizontale\" itemprop=\"image\"\/>\n\t\t\t<h3>AGENCIAS DE VIAJES<\/h3>\t\t\t\n\t\t\t\t<p>Des experts locaux \u00e0 votre service\u00a0<\/p>\n<ul>\n<li><a href=\"https:\/\/www.aetherium.fr\/apres-b2b-b2c-decouvrez-h2h\/\">Una relaci\u00f3n humana<\/a><\/li>\n<li><a href=\"https:\/\/www.mariages.net\/voiture-mariage\/elexi-travel-&amp;-event--e185461\">Un contacto privilegiado<\/a><\/li>\n<li><a href=\"https:\/\/www.linkedin.com\/company\/elexi\">Las tarifas de los socios<\/a><\/li>\n<li>Une expertise reconnue<\/li>\n<\/ul>\n<p><a href=\"mailto:booking@elexi.fr\">CONTACTO<\/a><\/p>\n\t\t\t<h3>\u00c9V\u00c9NEMENTIEL<\/h3>\t\t\t\n\t\t\t\t<p>\u00bfEres un profesional? \u00a1Nosotros tambi\u00e9n!<\/p>\n<ul>\n<li><a href=\"https:\/\/www.aetherium.fr\/apres-b2b-b2c-decouvrez-h2h\/\">Una relaci\u00f3n humana<\/a><\/li>\n<li><a href=\"https:\/\/www.mariages.net\/voiture-mariage\/elexi-travel-&amp;-event--e185461\">Un contacto privilegiado<\/a><\/li>\n<li><a href=\"https:\/\/www.linkedin.com\/company\/elexi\">Las tarifas de los socios<\/a><\/li>\n<li>Une expertise reconnue<\/li>\n<\/ul>\n<p><a href=\"mailto:booking@elexi.fr\">CONTACTO<\/a><\/p>\n\t<h2>\n\t\t\t\tUne flotte discr\u00e8te et luxueuse\n\t\t\t<\/h2>\n\t<h2>\n\t\t\t\tNos r\u00e9f\u00e9rences de chauffeur priv\u00e9 VIP\n\t\t\t<\/h2>\n\t\t<p>Notre expertise et service sont reconnus pour leur fiabilit\u00e9, leur niveau de gamme et la flexibilit\u00e9 que nous apportons.\u00a0<\/p>\t\n\t<h2>\n\t\t\t\tTaxi porte \u00e0 porte Bordeaux &#8211; Paris\n\t\t\t<\/h2>\n\t\t<p>Dans le cadre d&rsquo;un d\u00e9placement professionnel, vous souhaitez aller <a href=\"https:\/\/elexi.fr\/es\/transfert-paris-bordeaux\/\">de Bordeaux \u00e0 Paris<\/a> (ou vice-versa), prenez un chauffeur priv\u00e9 VIP pour r\u00e9aliser le transfert en <a href=\"https:\/\/www.tesla.com\/fr_fr\/models?redirect=no\">Tesla Model S<\/a> (\u00e9quivalent Mercedes Class S), Tesla Model 3 (\u00e9quivalent Mercedes Class 3).\u00a0<\/p>\t\n\t<h2>\n\t\t\t\tChauffeur priv\u00e9 Paris &#8211; Reims\n\t\t\t<\/h2>\n\t\t<p>R\u00e9guli\u00e8rement, nous amenons de Paris vers Reims les passionn\u00e9s de Champagne dans leur voyage et d\u00e9couverte de cette r\u00e9gion riche en histoire et en boissons p\u00e9tillantes.\u00a0<\/p>\t\n\t<h2>\n\t\t\t\tMise \u00e0 disposition pour une journ\u00e9e d&rsquo;affaires\n\t\t\t<\/h2>\n\t\t<p>Plusieurs rendez-vous dans la journ\u00e9e ? Profitez d&rsquo;un chauffeur pour la journ\u00e9e, sans prise de t\u00eate et sans stress, il vous accompagnera toute la journ\u00e9e. Il conduira une belle Tesla, confortable, vous pourrez m\u00eame travailler \u00e0 bord.\u00a0<\/p>\t\n\t<h2>\n\t\t\t\tChauffeur priv\u00e9 de Marseille \u00e0 Lyon\n\t\t\t<\/h2>\n\t\t<p>Besoin d&rsquo;aller de Lyon \u00e0 Marseille (ou vice-versa), faites le choix du confort et de la tranquillit\u00e9 avec une prestation VIP porte \u00e0 porte avec un chauffeur priv\u00e9 <a href=\"https:\/\/elexi.fr\/es\/marque-elexi\/\">Elexi<\/a>.\u00a0<\/p>\t\n\t<h2>\n\t\t\t\tChauffeurs pour agence \u00e9v\u00e9nementielle et voyages\n\t\t\t<\/h2>\n\t\t<p>De nombreuses agences de voyages, des transf\u00e9ristes et agences \u00e9v\u00e9nementielles nous font confiance \u00e0 Paris, Bordeaux et Lyon.<\/p>\t\n\t<h2>\n\t\t\t\tChauffeurs pour \u00e9v\u00e9nements\n\t\t\t<\/h2>\n\t\t<p>\u00c0 la recherche d&rsquo;un service professionnel et qualitatif pour un effet wow garanti lors d&rsquo;un s\u00e9minaire ? <a href=\"https:\/\/elexi.fr\/es\/marque-elexi\/\">Elexi<\/a> vous propose ces chauffeurs priv\u00e9s en Tesla 100 % \u00e9lectrique pour conduire les invit\u00e9s du congr\u00e8s ou de vos r\u00e9unions.\u00a0<br \/>En 2019, nous avons permis \u00e0 plusieurs s\u00e9minaires, forums et congr\u00e8s de transporter ses participants de mani\u00e8re \u00e9co-responsable, \u00e9cologique et 100 % \u00e9lectrique tout en garantissant un effet wow qui a impressionn\u00e9 tous les participants. Que ce soit \u00e0 Bordeaux o\u00f9 un groupe pharmaceutique a eu l&rsquo;occasion d&rsquo;avoir 6 Tesla Model X pendant les 3 jours du s\u00e9minaires ou bien \u00e0 Lyon avec ses 10 Tesla Model X, S et 3, le r\u00e9sultat est toujours le m\u00eame : un grand sourire lorsque le chauffeur arrive \u00ab\u00a0Wow, cette voiture est pour moi ? G\u00e9nial !\u00a0\u00bb et aussi en sortant du v\u00e9hicule \u00ab\u00a0C&rsquo;\u00e9tait dingue, cet \u00e9cran, ce confort et cet espace, c&rsquo;est vraiment parfait.\u00a0\u00bb\u00a0<br \/>Notre savoir-faire et notre expertise \u00e9v\u00e9nementielle permettent \u00e0 votre \u00e9v\u00e9nement \u00e0 Bordeaux, Paris, Lyon, Marseille, Toulouse et autre d&rsquo;avoir une saveur toute particuli\u00e8re sur le sujet des transports et des transferts gare\/a\u00e9roport\/h\u00f4tel.<\/p>\t\n\t<h2>\n\t\t\t\tChauffeurs pour touristes\n\t\t\t<\/h2>\n\t\t<p>Agence de voyage, vous organisez la venue de vos clients en France et avez besoin de chauffeurs professionnels pour une client\u00e8le exigeante ? Nous avons l&rsquo;habitude de g\u00e9rer les d\u00e9placements de personnes importantes qui cherchent \u00e0 voyager en France, \u00e0 <a href=\"https:\/\/elexi.fr\/es\/transfert-paris\/\">Paris<\/a>, <a href=\"https:\/\/elexi.fr\/es\/transfert-bordeaux-arcachon\/\">Bordeaux<\/a>, Biarritz, San Sebastian, Cannes, Nice, Lyon et la Riviera.\u00a0<br \/>Nous mettons en place l&rsquo;organisation n\u00e9cessaire avec des limousines simples et agr\u00e9ables de marque Tesla (Model X, Model S &amp; Model 3) et des vans (Mercedes Class V). Chacun trouve son compte pour ses besoins, notre service client vous r\u00e9pond 7j\/7 tr\u00e8s rapidement car nous attachons tout autant d&rsquo;importance avant le voyage que pendant le voyage.\u00a0<\/p>","protected":false},"excerpt":{"rendered":"<p>CHAUFFEUR PRIV\u00c9 CHAUFFEUR PRIV\u00c9 Un chauffeur priv\u00e9 VIP pour une prestation haut-de-gamme en Tesla. Chauffeur priv\u00e9 Tesla pour transfert et mise \u00e0 disposition dans un v\u00e9hicule luxueux. Alliez chic et \u00e9l\u00e9gance.\u00a0 R\u00e9server Nos transferts haut-de-gamme en Tesla les plus fr\u00e9quents Paris A\u00e9roport &#8211; Paris | Paris A\u00e9roport &#8211; Disneyland | Bordeaux &#8211; Arcachon | Bordeaux &hellip;<\/p>\n<p class=\"read-more\"> <a class=\"\" href=\"https:\/\/elexi.fr\/es\/chauffeur-prive-tesla\/\"> <span class=\"screen-reader-text\">Conductor privado con un Tesla<\/span> Leer m\u00e1s &raquo;<\/a><\/p>","protected":false},"author":1,"featured_media":0,"parent":0,"menu_order":0,"comment_status":"closed","ping_status":"closed","template":"","meta":{"_monsterinsights_skip_tracking":false,"_monsterinsights_sitenote_active":false,"_monsterinsights_sitenote_note":"","_monsterinsights_sitenote_category":0},"yoast_head":"<!-- This site is optimized with the Yoast SEO plugin v17.8 - https:\/\/yoast.com\/wordpress\/plugins\/seo\/ -->\n<title>Chauffeur priv\u00e9 en Tesla toute distance - Paris, Bordeaux, Lyon &amp; France<\/title>\n<meta name=\"description\" content=\"Chauffeur priv\u00e9 en Tesla pour courte et longue distance &amp; mise \u00e0 disposition. Chauffeur de ma\u00eetre \/ direction \u00e0 Paris, Lyon, Marseille, Bordeaux &amp; France\" \/>\n<meta name=\"robots\" content=\"index, follow, max-snippet:-1, max-image-preview:large, max-video-preview:-1\" \/>\n<link rel=\"canonical\" href=\"https:\/\/elexi.fr\/chauffeur-prive-tesla\/\" \/>\n<meta property=\"og:locale\" content=\"es_ES\" \/>\n<meta property=\"og:type\" content=\"article\" \/>\n<meta property=\"og:title\" content=\"Chauffeur priv\u00e9 en Tesla toute distance - Paris, Bordeaux, Lyon &amp; France\" \/>\n<meta property=\"og:description\" content=\"Chauffeur priv\u00e9 en Tesla pour courte et longue distance &amp; mise \u00e0 disposition. Chauffeur de ma\u00eetre \/ direction \u00e0 Paris, Lyon, Marseille, Bordeaux &amp; France\" \/>\n<meta property=\"og:url\" content=\"https:\/\/elexi.fr\/chauffeur-prive-tesla\/\" \/>\n<meta property=\"og:site_name\" content=\"Elexi\" \/>\n<meta property=\"article:publisher\" content=\"https:\/\/www.facebook.com\/elexi.bdx\/\" \/>\n<meta property=\"article:modified_time\" content=\"2020-04-04T13:44:22+00:00\" \/>\n<meta property=\"og:image\" content=\"https:\/\/elexi.fr\/wp-content\/uploads\/2020\/03\/Voitures-Tesla-Model-X.png\" \/>\n<meta name=\"twitter:label1\" content=\"Tiempo de lectura\" \/>\n\t<meta name=\"twitter:data1\" content=\"4 minutos\" \/>\n<script type=\"application\/ld+json\" class=\"yoast-schema-graph\">{\"@context\":\"https:\/\/schema.org\",\"@graph\":[{\"@type\":\"Organization\",\"@id\":\"https:\/\/elexi.fr\/#organization\",\"name\":\"Elexi\",\"url\":\"https:\/\/elexi.fr\/\",\"sameAs\":[\"https:\/\/www.facebook.com\/elexi.bdx\/\",\"https:\/\/instagram.com\/elexi.travel.event\",\"https:\/\/www.linkedin.com\/company\/11209084\/\"],\"logo\":{\"@type\":\"ImageObject\",\"@id\":\"https:\/\/elexi.fr\/#logo\",\"inLanguage\":\"es\",\"url\":\"https:\/\/elexi.fr\/wp-content\/uploads\/2020\/02\/Elexi-blanc.png\",\"contentUrl\":\"https:\/\/elexi.fr\/wp-content\/uploads\/2020\/02\/Elexi-blanc.png\",\"width\":4213,\"height\":1538,\"caption\":\"Elexi\"},\"image\":{\"@id\":\"https:\/\/elexi.fr\/#logo\"}},{\"@type\":\"WebSite\",\"@id\":\"https:\/\/elexi.fr\/#website\",\"url\":\"https:\/\/elexi.fr\/\",\"name\":\"Elexi\",\"description\":\"Agences d&#039;\\u00e9co-mobilit\\u00e9\",\"publisher\":{\"@id\":\"https:\/\/elexi.fr\/#organization\"},\"potentialAction\":[{\"@type\":\"SearchAction\",\"target\":{\"@type\":\"EntryPoint\",\"urlTemplate\":\"https:\/\/elexi.fr\/?s={search_term_string}\"},\"query-input\":\"required name=search_term_string\"}],\"inLanguage\":\"es\"},{\"@type\":\"ImageObject\",\"@id\":\"https:\/\/elexi.fr\/chauffeur-prive-tesla\/#primaryimage\",\"inLanguage\":\"es\",\"url\":\"https:\/\/elexi.fr\/wp-content\/uploads\/2020\/03\/Voitures-Tesla-Model-X.png\",\"contentUrl\":\"https:\/\/elexi.fr\/wp-content\/uploads\/2020\/03\/Voitures-Tesla-Model-X.png\",\"width\":800,\"height\":500,\"caption\":\"Chauffeur VIP pour d\\u00e9placement professionnel et taxi trajet longue distance en France, \\u00e0 paris, Lyon, marseille, Toulouse, Bordeaux, Lille, Strasbourg et Nantes\"},{\"@type\":\"WebPage\",\"@id\":\"https:\/\/elexi.fr\/chauffeur-prive-tesla\/#webpage\",\"url\":\"https:\/\/elexi.fr\/chauffeur-prive-tesla\/\",\"name\":\"Chauffeur priv\\u00e9 en Tesla toute distance - Paris, Bordeaux, Lyon & France\",\"isPartOf\":{\"@id\":\"https:\/\/elexi.fr\/#website\"},\"primaryImageOfPage\":{\"@id\":\"https:\/\/elexi.fr\/chauffeur-prive-tesla\/#primaryimage\"},\"datePublished\":\"2020-03-03T18:09:52+00:00\",\"dateModified\":\"2020-04-04T13:44:22+00:00\",\"description\":\"Chauffeur priv\\u00e9 en Tesla pour courte et longue distance & mise \\u00e0 disposition. Chauffeur de ma\\u00eetre \/ direction \\u00e0 Paris, Lyon, Marseille, Bordeaux & France\",\"breadcrumb\":{\"@id\":\"https:\/\/elexi.fr\/chauffeur-prive-tesla\/#breadcrumb\"},\"inLanguage\":\"es\",\"potentialAction\":[{\"@type\":\"ReadAction\",\"target\":[\"https:\/\/elexi.fr\/chauffeur-prive-tesla\/\"]}]},{\"@type\":\"BreadcrumbList\",\"@id\":\"https:\/\/elexi.fr\/chauffeur-prive-tesla\/#breadcrumb\",\"itemListElement\":[{\"@type\":\"ListItem\",\"position\":1,\"name\":\"Accueil\",\"item\":\"https:\/\/elexi.fr\/\"},{\"@type\":\"ListItem\",\"position\":2,\"name\":\"Chauffeur priv\\u00e9 en Tesla\"}]}]}<\/script>\n<!-- \/ Yoast SEO plugin. -->","yoast_head_json":{"title":"Chauffeur priv\u00e9 en Tesla toute distance - Paris, Bordeaux, Lyon & France","description":"Chauffeur priv\u00e9 en Tesla pour courte et longue distance & mise \u00e0 disposition. Chauffeur de ma\u00eetre \/ direction \u00e0 Paris, Lyon, Marseille, Bordeaux & France","robots":{"index":"index","follow":"follow","max-snippet":"max-snippet:-1","max-image-preview":"max-image-preview:large","max-video-preview":"max-video-preview:-1"},"canonical":"https:\/\/elexi.fr\/chauffeur-prive-tesla\/","og_locale":"es_ES","og_type":"article","og_title":"Chauffeur priv\u00e9 en Tesla toute distance - Paris, Bordeaux, Lyon & France","og_description":"Chauffeur priv\u00e9 en Tesla pour courte et longue distance & mise \u00e0 disposition. Chauffeur de ma\u00eetre \/ direction \u00e0 Paris, Lyon, Marseille, Bordeaux & France","og_url":"https:\/\/elexi.fr\/chauffeur-prive-tesla\/","og_site_name":"Elexi","article_publisher":"https:\/\/www.facebook.com\/elexi.bdx\/","article_modified_time":"2020-04-04T13:44:22+00:00","og_image":[{"url":"https:\/\/elexi.fr\/wp-content\/uploads\/2020\/03\/Voitures-Tesla-Model-X.png"}],"twitter_misc":{"Tiempo de lectura":"4 minutos"},"schema":{"@context":"https:\/\/schema.org","@graph":[{"@type":"Organization","@id":"https:\/\/elexi.fr\/#organization","name":"Elexi","url":"https:\/\/elexi.fr\/","sameAs":["https:\/\/www.facebook.com\/elexi.bdx\/","https:\/\/instagram.com\/elexi.travel.event","https:\/\/www.linkedin.com\/company\/11209084\/"],"logo":{"@type":"ImageObject","@id":"https:\/\/elexi.fr\/#logo","inLanguage":"es","url":"https:\/\/elexi.fr\/wp-content\/uploads\/2020\/02\/Elexi-blanc.png","contentUrl":"https:\/\/elexi.fr\/wp-content\/uploads\/2020\/02\/Elexi-blanc.png","width":4213,"height":1538,"caption":"Elexi"},"image":{"@id":"https:\/\/elexi.fr\/#logo"}},{"@type":"WebSite","@id":"https:\/\/elexi.fr\/#website","url":"https:\/\/elexi.fr\/","name":"Elexi","description":"Agences d&#039;\u00e9co-mobilit\u00e9","publisher":{"@id":"https:\/\/elexi.fr\/#organization"},"potentialAction":[{"@type":"SearchAction","target":{"@type":"EntryPoint","urlTemplate":"https:\/\/elexi.fr\/?s={search_term_string}"},"query-input":"required name=search_term_string"}],"inLanguage":"es"},{"@type":"ImageObject","@id":"https:\/\/elexi.fr\/chauffeur-prive-tesla\/#primaryimage","inLanguage":"es","url":"https:\/\/elexi.fr\/wp-content\/uploads\/2020\/03\/Voitures-Tesla-Model-X.png","contentUrl":"https:\/\/elexi.fr\/wp-content\/uploads\/2020\/03\/Voitures-Tesla-Model-X.png","width":800,"height":500,"caption":"Chauffeur VIP pour d\u00e9placement professionnel et taxi trajet longue distance en France, \u00e0 paris, Lyon, marseille, Toulouse, Bordeaux, Lille, Strasbourg et Nantes"},{"@type":"WebPage","@id":"https:\/\/elexi.fr\/chauffeur-prive-tesla\/#webpage","url":"https:\/\/elexi.fr\/chauffeur-prive-tesla\/","name":"Chauffeur priv\u00e9 en Tesla toute distance - Paris, Bordeaux, Lyon & France","isPartOf":{"@id":"https:\/\/elexi.fr\/#website"},"primaryImageOfPage":{"@id":"https:\/\/elexi.fr\/chauffeur-prive-tesla\/#primaryimage"},"datePublished":"2020-03-03T18:09:52+00:00","dateModified":"2020-04-04T13:44:22+00:00","description":"Chauffeur priv\u00e9 en Tesla pour courte et longue distance & mise \u00e0 disposition. Chauffeur de ma\u00eetre \/ direction \u00e0 Paris, Lyon, Marseille, Bordeaux & France","breadcrumb":{"@id":"https:\/\/elexi.fr\/chauffeur-prive-tesla\/#breadcrumb"},"inLanguage":"es","potentialAction":[{"@type":"ReadAction","target":["https:\/\/elexi.fr\/chauffeur-prive-tesla\/"]}]},{"@type":"BreadcrumbList","@id":"https:\/\/elexi.fr\/chauffeur-prive-tesla\/#breadcrumb","itemListElement":[{"@type":"ListItem","position":1,"name":"Accueil","item":"https:\/\/elexi.fr\/"},{"@type":"ListItem","position":2,"name":"Chauffeur priv\u00e9 en Tesla"}]}]}},"_links":{"self":[{"href":"https:\/\/elexi.fr\/es\/wp-json\/wp\/v2\/pages\/216"}],"collection":[{"href":"https:\/\/elexi.fr\/es\/wp-json\/wp\/v2\/pages"}],"about":[{"href":"https:\/\/elexi.fr\/es\/wp-json\/wp\/v2\/types\/page"}],"author":[{"embeddable":true,"href":"https:\/\/elexi.fr\/es\/wp-json\/wp\/v2\/users\/1"}],"replies":[{"embeddable":true,"href":"https:\/\/elexi.fr\/es\/wp-json\/wp\/v2\/comments?post=216"}],"version-history":[{"count":30,"href":"https:\/\/elexi.fr\/es\/wp-json\/wp\/v2\/pages\/216\/revisions"}],"predecessor-version":[{"id":708,"href":"https:\/\/elexi.fr\/es\/wp-json\/wp\/v2\/pages\/216\/revisions\/708"}],"wp:attachment":[{"href":"https:\/\/elexi.fr\/es\/wp-json\/wp\/v2\/media?parent=216"}],"curies":[{"name":"wp","href":"https:\/\/api.w.org\/{rel}","templated":true}]}}