{"id":110,"date":"2020-03-01T14:06:14","date_gmt":"2020-03-01T13:06:14","guid":{"rendered":"https:\/\/elexi.fr\/?page_id=110"},"modified":"2023-06-15T23:00:03","modified_gmt":"2023-06-15T21:00:03","slug":"chauffeur-taxi-vtc-gare-aeroport","status":"publish","type":"page","link":"https:\/\/elexi.fr\/en\/taxi-driver-france\/","title":{"rendered":"Taxi & drivers"},"content":{"rendered":"<img src=\"https:\/\/elexi.fr\/wp-content\/uploads\/2020\/03\/Voitures-Kia.png\" alt=\"Voitures - Kia\" title=\"Voitures - Kia\" itemprop=\"image\">\n\t<h1>\n\t\t\t\tTaxi & drivers\n\t\t\t<\/h1>\n\t<h1>\n\t\t\t\tTaxi & drivers\n\t\t\t<\/h1>\n\t\t<p>Pour vos d\u00e9placements \u00e0 la gare ou \u00e0 l&rsquo;a\u00e9roport ou ailleurs, prenez le r\u00e9flexe 100 % \u00e9co-responsable.<\/p>\t\n\t\t\t<a href=\"https:\/\/elexi.fr\/en\/booking\/\" target=\"_blank\" rel=\"&quot;noopener&quot; noopener noreferrer\" role=\"button\">\n\t\t\t\t\t\t\tBook it\n\t\t<\/a>\n\t\t\t<h3>To get around, make the right choice: don't pollute.<\/h3>\t\t\t\n\t\t\t\t<p>R\u00e9alisez vos transferts depuis ou vers l&rsquo;a\u00e9roport \/ gare en v\u00e9hicule \u00e9lectrique.<br>Free waiting : 15 minutes at train stations and 30 minutes at airports<\/p>\n\t\t\t\t<img src=\"https:\/\/elexi.fr\/wp-content\/uploads\/2020\/03\/Arbre-1.png\" alt=\"Arbre\" itemprop=\"image\" title=\"Arbre\" onerror=\"this.style.display='none'\">\n\t\t\t\t<img src=\"https:\/\/elexi.fr\/wp-content\/uploads\/2020\/03\/Arbre-1.png\" alt=\"Arbre\" itemprop=\"image\" title=\"Arbre\" onerror=\"this.style.display='none'\">\n\t\t\t\t<img src=\"https:\/\/elexi.fr\/wp-content\/uploads\/2020\/03\/Arbre-1.png\" alt=\"Arbre\" itemprop=\"image\" title=\"Arbre\" onerror=\"this.style.display='none'\">\n\t<p>Les prestations chauffeur TAXI\/VTC d&rsquo;Elexi se distinguent par leur excellence tout en restant standard et accessible. Notre qualit\u00e9 et notre fiabilit\u00e9 vous serviront au quotidien.<\/p>\n\t<p>Book easily online for quick and easy management. Of course, our customer service remains available by email and telephone 7 days a week with exemplary reactivity.<\/p>\n\t<p>Also, the standard Elexi services are differentiated by our 100% electric fleet. You are an actor of the energy transition, every little gesture counts!<\/p>\n\t\t\t<a href=\"https:\/\/elexi.fr\/en\/booking\/\" target=\"_blank\" rel=\"&quot;noopener&quot; noopener noreferrer\" role=\"button\">\n\t\t\t\t\t\t\tBook it\n\t\t<\/a>\n\t\t\t\t<img src=\"https:\/\/elexi.fr\/wp-content\/uploads\/2020\/02\/Chaine-normale.png\" alt=\"Chaine_horizontale\" title=\"Chaine_horizontale\" itemprop=\"image\">\n\t\t\t<h3>FOR BUSINESS TRIPS<\/h3>\t\t\t\n\t\t\t\t<p>A 360 degree offer for all business trips<\/p>\n<ul>\n<li>No subscription<\/li>\n<li>Modern booking process<\/li>\n<li>Communication kit<\/li>\n<li>Strong CSR impact<\/li>\n<\/ul>\n<p><a href=\"mailto:booking@elexi.fr\">CONTACT US<\/a><\/p>\n\t\t\t<h3>FOR HOTELS<\/h3>\t\t\t\n\t\t\t\t<p>Book for your clients a excellent service<\/p>\n<ul>\n<li>Modern booking process<\/li>\n<li>Am\u00e9liorez l&rsquo;exp\u00e9rience de vos clients<\/li>\n<li>Communication kit<\/li>\n<li>Strong CSR impact<\/li>\n<\/ul>\n<p><a href=\"mailto:booking@elexi.fr\">CONTACT US<\/a><\/p>\n\t<h1>\n\t\t\t\tA 100% electric fleet\n\t\t\t<\/h1>","protected":false},"excerpt":{"rendered":"<p>TAXI \/ VTC TAXI \/ VTC Pour vos d\u00e9placements \u00e0 la gare ou \u00e0 l&rsquo;a\u00e9roport ou ailleurs, prenez le r\u00e9flexe 100 % \u00e9co-responsable. R\u00e9server Pour vous d\u00e9placer, faites le bon choix : celui de ne pas polluer. R\u00e9alisez vos transferts depuis ou vers l&rsquo;a\u00e9roport \/ gare en v\u00e9hicule \u00e9lectrique.Attente offerte : 15 min aux gares &hellip;<\/p>\n<p class=\"read-more\"> <a class=\"\" href=\"https:\/\/elexi.fr\/en\/taxi-driver-france\/\"> <span class=\"screen-reader-text\">Taxi & drivers<\/span> Read More &raquo;<\/a><\/p>","protected":false},"author":1,"featured_media":0,"parent":0,"menu_order":0,"comment_status":"closed","ping_status":"closed","template":"","meta":{"_monsterinsights_skip_tracking":false,"_monsterinsights_sitenote_active":false,"_monsterinsights_sitenote_note":"","_monsterinsights_sitenote_category":0},"yoast_head":"<!-- This site is optimized with the Yoast SEO plugin v17.8 - https:\/\/yoast.com\/wordpress\/plugins\/seo\/ -->\n<title>Chauffeur taxi &amp; VTC pour gare, a\u00e9roport, entreprise et domicile en France<\/title>\n<meta name=\"description\" content=\"Vos taxis et VTC aux d\u00e9parts et \u00e0 l&#039;arriv\u00e9e des gares et a\u00e9roports de Bordeaux, Paris Roissy, Orly, Toulouse, Nantes, Lyon et Marseille, 100 % \u00e9lectrique\" \/>\n<meta name=\"robots\" content=\"index, follow, max-snippet:-1, max-image-preview:large, max-video-preview:-1\" \/>\n<link rel=\"canonical\" href=\"https:\/\/elexi.fr\/chauffeur-taxi-vtc-gare-aeroport\/\" \/>\n<meta property=\"og:locale\" content=\"en_US\" \/>\n<meta property=\"og:type\" content=\"article\" \/>\n<meta property=\"og:title\" content=\"Chauffeur taxi &amp; VTC pour gare, a\u00e9roport, entreprise et domicile en France\" \/>\n<meta property=\"og:description\" content=\"Vos taxis et VTC aux d\u00e9parts et \u00e0 l&#039;arriv\u00e9e des gares et a\u00e9roports de Bordeaux, Paris Roissy, Orly, Toulouse, Nantes, Lyon et Marseille, 100 % \u00e9lectrique\" \/>\n<meta property=\"og:url\" content=\"https:\/\/elexi.fr\/chauffeur-taxi-vtc-gare-aeroport\/\" \/>\n<meta property=\"og:site_name\" content=\"Elexi\" \/>\n<meta property=\"article:publisher\" content=\"https:\/\/www.facebook.com\/elexi.bdx\/\" \/>\n<meta property=\"article:modified_time\" content=\"2023-06-15T21:00:03+00:00\" \/>\n<meta property=\"og:image\" content=\"https:\/\/elexi.fr\/wp-content\/uploads\/2020\/03\/Voitures-Kia.png\" \/>\n<meta name=\"twitter:label1\" content=\"Est. reading time\" \/>\n\t<meta name=\"twitter:data1\" content=\"1 minute\" \/>\n<script type=\"application\/ld+json\" class=\"yoast-schema-graph\">{\"@context\":\"https:\/\/schema.org\",\"@graph\":[{\"@type\":\"Organization\",\"@id\":\"https:\/\/elexi.fr\/#organization\",\"name\":\"Elexi\",\"url\":\"https:\/\/elexi.fr\/\",\"sameAs\":[\"https:\/\/www.facebook.com\/elexi.bdx\/\",\"https:\/\/instagram.com\/elexi.travel.event\",\"https:\/\/www.linkedin.com\/company\/11209084\/\"],\"logo\":{\"@type\":\"ImageObject\",\"@id\":\"https:\/\/elexi.fr\/#logo\",\"inLanguage\":\"en-US\",\"url\":\"https:\/\/elexi.fr\/wp-content\/uploads\/2020\/02\/Elexi-blanc.png\",\"contentUrl\":\"https:\/\/elexi.fr\/wp-content\/uploads\/2020\/02\/Elexi-blanc.png\",\"width\":4213,\"height\":1538,\"caption\":\"Elexi\"},\"image\":{\"@id\":\"https:\/\/elexi.fr\/#logo\"}},{\"@type\":\"WebSite\",\"@id\":\"https:\/\/elexi.fr\/#website\",\"url\":\"https:\/\/elexi.fr\/\",\"name\":\"Elexi\",\"description\":\"Agences d&#039;\\u00e9co-mobilit\\u00e9\",\"publisher\":{\"@id\":\"https:\/\/elexi.fr\/#organization\"},\"potentialAction\":[{\"@type\":\"SearchAction\",\"target\":{\"@type\":\"EntryPoint\",\"urlTemplate\":\"https:\/\/elexi.fr\/?s={search_term_string}\"},\"query-input\":\"required name=search_term_string\"}],\"inLanguage\":\"en-US\"},{\"@type\":\"ImageObject\",\"@id\":\"https:\/\/elexi.fr\/chauffeur-taxi-vtc-gare-aeroport\/#primaryimage\",\"inLanguage\":\"en-US\",\"url\":\"https:\/\/elexi.fr\/wp-content\/uploads\/2020\/03\/Voitures-Kia.png\",\"contentUrl\":\"https:\/\/elexi.fr\/wp-content\/uploads\/2020\/03\/Voitures-Kia.png\",\"width\":800,\"height\":500,\"caption\":\"Kia Niro en location pour particuliers, VTC, d\\u00e9placement professionnel\"},{\"@type\":\"WebPage\",\"@id\":\"https:\/\/elexi.fr\/chauffeur-taxi-vtc-gare-aeroport\/#webpage\",\"url\":\"https:\/\/elexi.fr\/chauffeur-taxi-vtc-gare-aeroport\/\",\"name\":\"Chauffeur taxi & VTC pour gare, a\\u00e9roport, entreprise et domicile en France\",\"isPartOf\":{\"@id\":\"https:\/\/elexi.fr\/#website\"},\"primaryImageOfPage\":{\"@id\":\"https:\/\/elexi.fr\/chauffeur-taxi-vtc-gare-aeroport\/#primaryimage\"},\"datePublished\":\"2020-03-01T13:06:14+00:00\",\"dateModified\":\"2023-06-15T21:00:03+00:00\",\"description\":\"Vos taxis et VTC aux d\\u00e9parts et \\u00e0 l'arriv\\u00e9e des gares et a\\u00e9roports de Bordeaux, Paris Roissy, Orly, Toulouse, Nantes, Lyon et Marseille, 100 % \\u00e9lectrique\",\"breadcrumb\":{\"@id\":\"https:\/\/elexi.fr\/chauffeur-taxi-vtc-gare-aeroport\/#breadcrumb\"},\"inLanguage\":\"en-US\",\"potentialAction\":[{\"@type\":\"ReadAction\",\"target\":[\"https:\/\/elexi.fr\/chauffeur-taxi-vtc-gare-aeroport\/\"]}]},{\"@type\":\"BreadcrumbList\",\"@id\":\"https:\/\/elexi.fr\/chauffeur-taxi-vtc-gare-aeroport\/#breadcrumb\",\"itemListElement\":[{\"@type\":\"ListItem\",\"position\":1,\"name\":\"Accueil\",\"item\":\"https:\/\/elexi.fr\/\"},{\"@type\":\"ListItem\",\"position\":2,\"name\":\"Chauffeur TAXI\/VTC\"}]}]}<\/script>\n<!-- \/ Yoast SEO plugin. -->","yoast_head_json":{"title":"Chauffeur taxi & VTC pour gare, a\u00e9roport, entreprise et domicile en France","description":"Vos taxis et VTC aux d\u00e9parts et \u00e0 l'arriv\u00e9e des gares et a\u00e9roports de Bordeaux, Paris Roissy, Orly, Toulouse, Nantes, Lyon et Marseille, 100 % \u00e9lectrique","robots":{"index":"index","follow":"follow","max-snippet":"max-snippet:-1","max-image-preview":"max-image-preview:large","max-video-preview":"max-video-preview:-1"},"canonical":"https:\/\/elexi.fr\/chauffeur-taxi-vtc-gare-aeroport\/","og_locale":"en_US","og_type":"article","og_title":"Chauffeur taxi & VTC pour gare, a\u00e9roport, entreprise et domicile en France","og_description":"Vos taxis et VTC aux d\u00e9parts et \u00e0 l'arriv\u00e9e des gares et a\u00e9roports de Bordeaux, Paris Roissy, Orly, Toulouse, Nantes, Lyon et Marseille, 100 % \u00e9lectrique","og_url":"https:\/\/elexi.fr\/chauffeur-taxi-vtc-gare-aeroport\/","og_site_name":"Elexi","article_publisher":"https:\/\/www.facebook.com\/elexi.bdx\/","article_modified_time":"2023-06-15T21:00:03+00:00","og_image":[{"url":"https:\/\/elexi.fr\/wp-content\/uploads\/2020\/03\/Voitures-Kia.png"}],"twitter_misc":{"Est. reading time":"1 minute"},"schema":{"@context":"https:\/\/schema.org","@graph":[{"@type":"Organization","@id":"https:\/\/elexi.fr\/#organization","name":"Elexi","url":"https:\/\/elexi.fr\/","sameAs":["https:\/\/www.facebook.com\/elexi.bdx\/","https:\/\/instagram.com\/elexi.travel.event","https:\/\/www.linkedin.com\/company\/11209084\/"],"logo":{"@type":"ImageObject","@id":"https:\/\/elexi.fr\/#logo","inLanguage":"en-US","url":"https:\/\/elexi.fr\/wp-content\/uploads\/2020\/02\/Elexi-blanc.png","contentUrl":"https:\/\/elexi.fr\/wp-content\/uploads\/2020\/02\/Elexi-blanc.png","width":4213,"height":1538,"caption":"Elexi"},"image":{"@id":"https:\/\/elexi.fr\/#logo"}},{"@type":"WebSite","@id":"https:\/\/elexi.fr\/#website","url":"https:\/\/elexi.fr\/","name":"Elexi","description":"Agences d&#039;\u00e9co-mobilit\u00e9","publisher":{"@id":"https:\/\/elexi.fr\/#organization"},"potentialAction":[{"@type":"SearchAction","target":{"@type":"EntryPoint","urlTemplate":"https:\/\/elexi.fr\/?s={search_term_string}"},"query-input":"required name=search_term_string"}],"inLanguage":"en-US"},{"@type":"ImageObject","@id":"https:\/\/elexi.fr\/chauffeur-taxi-vtc-gare-aeroport\/#primaryimage","inLanguage":"en-US","url":"https:\/\/elexi.fr\/wp-content\/uploads\/2020\/03\/Voitures-Kia.png","contentUrl":"https:\/\/elexi.fr\/wp-content\/uploads\/2020\/03\/Voitures-Kia.png","width":800,"height":500,"caption":"Kia Niro en location pour particuliers, VTC, d\u00e9placement professionnel"},{"@type":"WebPage","@id":"https:\/\/elexi.fr\/chauffeur-taxi-vtc-gare-aeroport\/#webpage","url":"https:\/\/elexi.fr\/chauffeur-taxi-vtc-gare-aeroport\/","name":"Chauffeur taxi & VTC pour gare, a\u00e9roport, entreprise et domicile en France","isPartOf":{"@id":"https:\/\/elexi.fr\/#website"},"primaryImageOfPage":{"@id":"https:\/\/elexi.fr\/chauffeur-taxi-vtc-gare-aeroport\/#primaryimage"},"datePublished":"2020-03-01T13:06:14+00:00","dateModified":"2023-06-15T21:00:03+00:00","description":"Vos taxis et VTC aux d\u00e9parts et \u00e0 l'arriv\u00e9e des gares et a\u00e9roports de Bordeaux, Paris Roissy, Orly, Toulouse, Nantes, Lyon et Marseille, 100 % \u00e9lectrique","breadcrumb":{"@id":"https:\/\/elexi.fr\/chauffeur-taxi-vtc-gare-aeroport\/#breadcrumb"},"inLanguage":"en-US","potentialAction":[{"@type":"ReadAction","target":["https:\/\/elexi.fr\/chauffeur-taxi-vtc-gare-aeroport\/"]}]},{"@type":"BreadcrumbList","@id":"https:\/\/elexi.fr\/chauffeur-taxi-vtc-gare-aeroport\/#breadcrumb","itemListElement":[{"@type":"ListItem","position":1,"name":"Accueil","item":"https:\/\/elexi.fr\/"},{"@type":"ListItem","position":2,"name":"Chauffeur TAXI\/VTC"}]}]}},"_links":{"self":[{"href":"https:\/\/elexi.fr\/en\/wp-json\/wp\/v2\/pages\/110"}],"collection":[{"href":"https:\/\/elexi.fr\/en\/wp-json\/wp\/v2\/pages"}],"about":[{"href":"https:\/\/elexi.fr\/en\/wp-json\/wp\/v2\/types\/page"}],"author":[{"embeddable":true,"href":"https:\/\/elexi.fr\/en\/wp-json\/wp\/v2\/users\/1"}],"replies":[{"embeddable":true,"href":"https:\/\/elexi.fr\/en\/wp-json\/wp\/v2\/comments?post=110"}],"version-history":[{"count":16,"href":"https:\/\/elexi.fr\/en\/wp-json\/wp\/v2\/pages\/110\/revisions"}],"predecessor-version":[{"id":1104,"href":"https:\/\/elexi.fr\/en\/wp-json\/wp\/v2\/pages\/110\/revisions\/1104"}],"wp:attachment":[{"href":"https:\/\/elexi.fr\/en\/wp-json\/wp\/v2\/media?parent=110"}],"curies":[{"name":"wp","href":"https:\/\/api.w.org\/{rel}","templated":true}]}}